{"id":11,"date":"2012-02-06T23:08:24","date_gmt":"2012-02-06T23:08:24","guid":{"rendered":"http:\/\/www.f4ctz.fr\/?page_id=11"},"modified":"2012-08-31T12:52:18","modified_gmt":"2012-08-31T12:52:18","slug":"marseille-13011-jn23rh","status":"publish","type":"page","link":"https:\/\/www.f4ctz.fr\/?page_id=11","title":{"rendered":"Marseille 13011 &#8211; JN23RH"},"content":{"rendered":"<p style=\"text-align: justify;\">J&rsquo;ai pass\u00e9 ma licence en Avril 1999 \u00e0 l&rsquo;\u00e2ge de 16ans apr\u00e8s un an de formation avec Robert F6EUZ au radio-club F6KRD.<\/p>\n<p style=\"text-align: justify;\">A l&rsquo;\u00e9poque chez mes parents, j&rsquo;ai construit cette station petit \u00e0 petit avec plusieurs envies de d\u00e9couverte : l&rsquo;ATV, le trafic par satellite, et l&rsquo;\u00e9coute du d\u00e9cam\u00e9trique.<\/p>\n<h2 style=\"text-align: justify;\">La station<\/h2>\n<p style=\"text-align: justify;\"><img loading=\"lazy\" decoding=\"async\" class=\"aligncenter  wp-image-565\" title=\"Station 13011 1\" src=\"https:\/\/www.f4ctz.fr\/wp-content\/uploads\/100_2740-1024x768.jpg\" alt=\"\" width=\"819\" height=\"614\" srcset=\"https:\/\/www.f4ctz.fr\/wp-content\/uploads\/100_2740-1024x768.jpg 1024w, https:\/\/www.f4ctz.fr\/wp-content\/uploads\/100_2740-300x224.jpg 300w, https:\/\/www.f4ctz.fr\/wp-content\/uploads\/100_2740.jpg 2032w\" sizes=\"auto, (max-width: 819px) 100vw, 819px\" \/><\/p>\n<h2 style=\"text-align: justify;\">Les antennes<\/h2>\n<table style=\"width: 100%;\" border=\"0\" align=\"center\">\n<tbody>\n<tr>\n<td>\n<p style=\"text-align: center;\"><img loading=\"lazy\" decoding=\"async\" class=\"aligncenter size-medium wp-image-546\" title=\"Antenne 13011 1\" src=\"https:\/\/www.f4ctz.fr\/wp-content\/uploads\/100_2714-300x224.jpg\" alt=\"\" width=\"300\" height=\"224\" srcset=\"https:\/\/www.f4ctz.fr\/wp-content\/uploads\/100_2714-300x224.jpg 300w, https:\/\/www.f4ctz.fr\/wp-content\/uploads\/100_2714-1024x768.jpg 1024w, https:\/\/www.f4ctz.fr\/wp-content\/uploads\/100_2714.jpg 2032w\" sizes=\"auto, (max-width: 300px) 100vw, 300px\" \/><\/p>\n<\/td>\n<td style=\"text-align: center;\"><img loading=\"lazy\" decoding=\"async\" title=\"Antenne 13011 2\" src=\"https:\/\/www.f4ctz.fr\/wp-content\/uploads\/100_2711-300x224.jpg\" alt=\"\" width=\"300\" height=\"224\" \/><\/td>\n<\/tr>\n<tr style=\"text-align: center;\">\n<td style=\"text-align: center;\"><img loading=\"lazy\" decoding=\"async\" class=\"aligncenter size-medium wp-image-543\" title=\"Antenne 13011 3\" src=\"https:\/\/www.f4ctz.fr\/wp-content\/uploads\/100_2710-300x224.jpg\" alt=\"\" width=\"300\" height=\"224\" srcset=\"https:\/\/www.f4ctz.fr\/wp-content\/uploads\/100_2710-300x224.jpg 300w, https:\/\/www.f4ctz.fr\/wp-content\/uploads\/100_2710-1024x768.jpg 1024w, https:\/\/www.f4ctz.fr\/wp-content\/uploads\/100_2710.jpg 2032w\" sizes=\"auto, (max-width: 300px) 100vw, 300px\" \/><\/td>\n<td style=\"text-align: center;\"><img loading=\"lazy\" decoding=\"async\" class=\"aligncenter size-medium wp-image-541\" title=\"Antenne 13011 4\" src=\"https:\/\/www.f4ctz.fr\/wp-content\/uploads\/100_2708-300x224.jpg\" alt=\"\" width=\"300\" height=\"224\" srcset=\"https:\/\/www.f4ctz.fr\/wp-content\/uploads\/100_2708-300x224.jpg 300w, https:\/\/www.f4ctz.fr\/wp-content\/uploads\/100_2708-1024x768.jpg 1024w, https:\/\/www.f4ctz.fr\/wp-content\/uploads\/100_2708.jpg 2032w\" sizes=\"auto, (max-width: 300px) 100vw, 300px\" \/><\/td>\n<\/tr>\n<\/tbody>\n<\/table>\n<h2 style=\"text-align: justify;\">Les r\u00e9alisations<\/h2>\n<p style=\"text-align: justify;\">La difficult\u00e9 que j&rsquo;avais \u00e0 l&rsquo;\u00e9poque \u00e9tait \u00e0 la fois le manque de connaissances et le manque de moyen de mesures donc il fallait se d\u00e9brouiller pour arriver \u00e0 avancer pour d\u00e9couvrir de nouvelles techniques avec un oscillo 4x100Mhz, un multim\u00e8tre et ma lecture hebdomadaire, MEGAHERTZ Magazine.<\/p>\n<p style=\"text-align: justify;\">Int\u00e9ress\u00e9 par les transmissions num\u00e9riques, j&rsquo;ai r\u00e9alis\u00e9 un modem Baycom et trafiqu\u00e9 un peu en APRS entre autre.<\/p>\n<p style=\"text-align: justify;\">Bien int\u00e9ressant, le Packet Radio et l&rsquo;APRS m&rsquo;ont de moins en moins int\u00e9ress\u00e9 au profit de l&rsquo;activit\u00e9 satellite et l&rsquo;ATV.<\/p>\n<p style=\"text-align: justify;\">C\u00f4t\u00e9 satellite, c&rsquo;\u00e9tait la grande \u00e9poque de MIR et de UO-14. J&rsquo;ai eu l&rsquo;occasion de recevoir la station spatiale mais je n&rsquo;ai \u00e9t\u00e9 confortablement \u00e9quip\u00e9 pour l&rsquo;\u00e9mission satellite qu&rsquo;apr\u00e8s son retour dans l&rsquo;atmosph\u00e8re terrestre. Mais j&rsquo;ai pu commenc\u00e9 \u00e0 gouter au plaisir des transmission satellite gr\u00e2ce \u00e0 UO-14 et un transverter 28-144 de chez Sommerkamp.<\/p>\n<p style=\"text-align: justify;\">J&rsquo;ai aussi pris go\u00fbt \u00e0 l&rsquo;\u00e9coute des satellites m\u00e9t\u00e9o sur 137MHz. J&rsquo;ai pour cela assembl\u00e9 deux kits\u00a0 et r\u00e9alis\u00e9 quelques antennes :<\/p>\n<ul style=\"list-style-type: disc; text-align: justify;\">\n<li>Kit pr\u00e9ampli 137Mhz.<\/li>\n<li>Kit r\u00e9cepteur 137Mhz.<\/li>\n<li>Antenne Turnstile.<\/li>\n<li>Antenne quadrifilaire.<\/li>\n<\/ul>\n<p style=\"text-align: justify;\"><img loading=\"lazy\" decoding=\"async\" class=\"aligncenter size-medium wp-image-540\" title=\"RX 137Mhz\" src=\"https:\/\/www.f4ctz.fr\/wp-content\/uploads\/100_2707-300x224.jpg\" alt=\"\" width=\"300\" height=\"224\" \/><\/p>\n<p style=\"text-align: justify;\">C&rsquo;est dans ce cadre que j&rsquo;ai r\u00e9alis\u00e9 mon 1e petit logiciel de pr\u00e9diction de satellite car je n&rsquo;ai jamais r\u00e9ussi \u00e0 trouver mon bonheur dans des logiciels comme InstantTrack bien trop vieux (m\u00eame si performant) et \u00e0 l&rsquo;interface aust\u00e8re. Je voulais un logiciel simple et fonctionnant sous Windows ce que j&rsquo;ai r\u00e9alis\u00e9 en Delphi.<\/p>\n<p style=\"text-align: justify;\">Puis l&rsquo;ATV et le fait de monter en fr\u00e9quence m&rsquo;attirant beaucoup, j&rsquo;ai pu mener \u00e0 bien sur cette station quelques r\u00e9alisations :<\/p>\n<ul style=\"list-style-type: disc; text-align: justify;\">\n<li>Antenne 13cm Yagi_Guigose.<\/li>\n<li>Pr\u00e9ampli 23cm (Merci JF F1LVO).<\/li>\n<li>Un petit \u00e9metteur 23cm ATV.<\/li>\n<\/ul>\n<p>&nbsp;<\/p>\n<table style=\"width: 100%;\" border=\"0\" cellspacing=\"10\" align=\"center\">\n<tbody>\n<tr>\n<td style=\"text-align: center;\">\n<p><img loading=\"lazy\" decoding=\"async\" class=\"aligncenter size-medium wp-image-566\" title=\"Preamp 23cm\" src=\"https:\/\/www.f4ctz.fr\/wp-content\/uploads\/100_2742-300x224.jpg\" alt=\"\" width=\"300\" height=\"224\" srcset=\"https:\/\/www.f4ctz.fr\/wp-content\/uploads\/100_2742-300x224.jpg 300w, https:\/\/www.f4ctz.fr\/wp-content\/uploads\/100_2742-1024x768.jpg 1024w, https:\/\/www.f4ctz.fr\/wp-content\/uploads\/100_2742.jpg 2032w\" sizes=\"auto, (max-width: 300px) 100vw, 300px\" \/><\/p>\n<\/td>\n<td><img loading=\"lazy\" decoding=\"async\" class=\"aligncenter size-medium wp-image-568\" title=\"Yagi guigose 13cm 1\" src=\"https:\/\/www.f4ctz.fr\/wp-content\/uploads\/100_2745-e1346417338462-300x224.jpg\" alt=\"\" width=\"300\" height=\"224\" srcset=\"https:\/\/www.f4ctz.fr\/wp-content\/uploads\/100_2745-e1346417338462-300x224.jpg 300w, https:\/\/www.f4ctz.fr\/wp-content\/uploads\/100_2745-e1346417338462-1024x768.jpg 1024w, https:\/\/www.f4ctz.fr\/wp-content\/uploads\/100_2745-e1346417338462.jpg 2032w\" sizes=\"auto, (max-width: 300px) 100vw, 300px\" \/><\/td>\n<\/tr>\n<tr>\n<td colspan=\"2\"><img loading=\"lazy\" decoding=\"async\" class=\"aligncenter  wp-image-567\" title=\"Yagi guigose 13cm 2\" src=\"https:\/\/www.f4ctz.fr\/wp-content\/uploads\/100_2744-e1346231073706-1024x163.jpg\" alt=\"\" width=\"614\" height=\"98\" srcset=\"https:\/\/www.f4ctz.fr\/wp-content\/uploads\/100_2744-e1346231073706-1024x163.jpg 1024w, https:\/\/www.f4ctz.fr\/wp-content\/uploads\/100_2744-e1346231073706-300x47.jpg 300w, https:\/\/www.f4ctz.fr\/wp-content\/uploads\/100_2744-e1346231073706.jpg 1752w\" sizes=\"auto, (max-width: 614px) 100vw, 614px\" \/><\/td>\n<\/tr>\n<\/tbody>\n<\/table>\n<p style=\"text-align: justify;\">\u00a0J&rsquo;ai aussi commenc\u00e9 \u00e0 l&rsquo;\u00e9poque mon apprentissage de la programmation des microcontr\u00f4leurs sur 16F84 avec un programmateur JDM et du PICBasic.<\/p>\n","protected":false},"excerpt":{"rendered":"<p>J&rsquo;ai pass\u00e9 ma licence en Avril 1999 \u00e0 l&rsquo;\u00e2ge de 16ans apr\u00e8s un an de formation avec Robert F6EUZ au radio-club F6KRD. A l&rsquo;\u00e9poque chez mes parents, j&rsquo;ai construit cette station petit \u00e0 petit avec plusieurs envies de d\u00e9couverte : l&rsquo;ATV, le trafic par satellite, et l&rsquo;\u00e9coute du d\u00e9cam\u00e9trique. La station Les antennes Les r\u00e9alisations [&hellip;]<\/p>\n","protected":false},"author":1,"featured_media":0,"parent":182,"menu_order":0,"comment_status":"closed","ping_status":"closed","template":"","meta":{"footnotes":""},"categories":[],"tags":[164,175,155,131,161,185,170],"class_list":["post-11","page","type-page","status-publish","hentry","tag-antenne","tag-atv","tag-radio","tag-radioamateur","tag-satellite","tag-satellite-meteo","tag-station-radioamateur"],"_links":{"self":[{"href":"https:\/\/www.f4ctz.fr\/index.php?rest_route=\/wp\/v2\/pages\/11","targetHints":{"allow":["GET"]}}],"collection":[{"href":"https:\/\/www.f4ctz.fr\/index.php?rest_route=\/wp\/v2\/pages"}],"about":[{"href":"https:\/\/www.f4ctz.fr\/index.php?rest_route=\/wp\/v2\/types\/page"}],"author":[{"embeddable":true,"href":"https:\/\/www.f4ctz.fr\/index.php?rest_route=\/wp\/v2\/users\/1"}],"replies":[{"embeddable":true,"href":"https:\/\/www.f4ctz.fr\/index.php?rest_route=%2Fwp%2Fv2%2Fcomments&post=11"}],"version-history":[{"count":0,"href":"https:\/\/www.f4ctz.fr\/index.php?rest_route=\/wp\/v2\/pages\/11\/revisions"}],"up":[{"embeddable":true,"href":"https:\/\/www.f4ctz.fr\/index.php?rest_route=\/wp\/v2\/pages\/182"}],"wp:attachment":[{"href":"https:\/\/www.f4ctz.fr\/index.php?rest_route=%2Fwp%2Fv2%2Fmedia&parent=11"}],"wp:term":[{"taxonomy":"category","embeddable":true,"href":"https:\/\/www.f4ctz.fr\/index.php?rest_route=%2Fwp%2Fv2%2Fcategories&post=11"},{"taxonomy":"post_tag","embeddable":true,"href":"https:\/\/www.f4ctz.fr\/index.php?rest_route=%2Fwp%2Fv2%2Ftags&post=11"}],"curies":[{"name":"wp","href":"https:\/\/api.w.org\/{rel}","templated":true}]}}