{"id":1536,"date":"2020-02-01T00:58:26","date_gmt":"2020-01-31T23:58:26","guid":{"rendered":"http:\/\/www.f4ctz.fr\/?page_id=1536"},"modified":"2020-02-01T02:38:53","modified_gmt":"2020-02-01T01:38:53","slug":"programmateur-eprom-tl866ii","status":"publish","type":"page","link":"https:\/\/www.f4ctz.fr\/?page_id=1536","title":{"rendered":"Programmateur EPROM TL866II+"},"content":{"rendered":"<p>Certaine vieille EPROM n\u00e9cessite de les programmer avec une tension VPP de 25V.<\/p>\n<p>Le programmateur chinois TL866IIplus est une bonne solution pour programmer ces vieux composants mais il n&rsquo;est pas capable de fournir une tension VPP de plus de 18V. Mais il est possible de le modifier pour atteindre cette tension VPP de 25V.<\/p>\n<p><img loading=\"lazy\" decoding=\"async\" class=\"aligncenter wp-image-1538\" src=\"https:\/\/www.f4ctz.fr\/wp-content\/uploads\/TL866_350.png\" alt=\"TL866II+\" width=\"292\" height=\"238\" srcset=\"https:\/\/www.f4ctz.fr\/wp-content\/uploads\/TL866_350.png 400w, https:\/\/www.f4ctz.fr\/wp-content\/uploads\/TL866_350-300x245.png 300w\" sizes=\"auto, (max-width: 292px) 100vw, 292px\" \/><\/p>\n<p>En effet, la tension VPP est cr\u00e9\u00e9e en interne \u00e0 l&rsquo;aide d&rsquo;un r\u00e9gulateur boost \u00e0 d\u00e9coupage MC34063. Pour choisir la tension de sortie de ce r\u00e9gulateur, il y a un pont diviseur r\u00e9sistif qui peut \u00eatre facilement modifi\u00e9 pour obtenir la bonne tension pour programmer ces vieilles EPROM. <span style=\"color: #ff0000;\"><strong>Notez que cette modification peut engendrer une surconsommation en courant sur le port USB donc cela peut ne pas fonctionner sur certaines machines.<\/strong><\/span> Malgr\u00e9 tout, le mien a fonctionn\u00e9 sans aucun soucis.<\/p>\n<p>Pour changer la valeur de cette tension de sortie, il suffit de remplacer R9 (5,1Kohms) par une autre de 2,7Kohms :<\/p>\n<p><img loading=\"lazy\" decoding=\"async\" class=\"aligncenter wp-image-1539\" src=\"https:\/\/www.f4ctz.fr\/wp-content\/uploads\/mods.png\" alt=\"TL866 modification\" width=\"800\" height=\"455\" srcset=\"https:\/\/www.f4ctz.fr\/wp-content\/uploads\/mods.png 1284w, https:\/\/www.f4ctz.fr\/wp-content\/uploads\/mods-300x171.png 300w, https:\/\/www.f4ctz.fr\/wp-content\/uploads\/mods-1024x582.png 1024w, https:\/\/www.f4ctz.fr\/wp-content\/uploads\/mods-768x437.png 768w\" sizes=\"auto, (max-width: 800px) 100vw, 800px\" \/><\/p>\n<p>Pour l&rsquo;utiliser avec le logiciel XGPRO, vous n&rsquo;avez rien \u00e0 faire : il suffit de laisser la configuration sur 18V<\/p>\n<p><img loading=\"lazy\" decoding=\"async\" class=\"aligncenter wp-image-1543\" src=\"https:\/\/www.f4ctz.fr\/wp-content\/uploads\/TL866_config_mods.jpg\" alt=\"XGPro TL866 config after mod\" width=\"855\" height=\"645\" srcset=\"https:\/\/www.f4ctz.fr\/wp-content\/uploads\/TL866_config_mods.jpg 1192w, https:\/\/www.f4ctz.fr\/wp-content\/uploads\/TL866_config_mods-300x226.jpg 300w, https:\/\/www.f4ctz.fr\/wp-content\/uploads\/TL866_config_mods-1024x772.jpg 1024w, https:\/\/www.f4ctz.fr\/wp-content\/uploads\/TL866_config_mods-768x579.jpg 768w\" sizes=\"auto, (max-width: 855px) 100vw, 855px\" \/><\/p>\n<p>Une fois termin\u00e9,n&rsquo;oubliez pas de remettre le programmateur en condition nominale (5,1Kohms pour R9). Si vous laissez la r\u00e9sistance \u00e0 2,7Kohms, il y a un risque de bruler des EPROM avec des tensions de programmation plus faible et ce n&rsquo;est pas le logiciel qui vous le rapppellera.<\/p>","protected":false},"excerpt":{"rendered":"<p>Certaine vieille EPROM n\u00e9cessite de les programmer avec une tension VPP de 25V. Le programmateur chinois TL866IIplus est une bonne solution pour programmer ces vieux composants mais il n&rsquo;est pas capable de fournir une tension VPP de plus de 18V. Mais il est possible de le modifier pour atteindre cette tension VPP de 25V. En [&hellip;]<\/p>\n","protected":false},"author":1,"featured_media":0,"parent":1526,"menu_order":0,"comment_status":"closed","ping_status":"closed","template":"","meta":{"footnotes":""},"categories":[],"tags":[450,451,448,449,445,444,452],"class_list":["post-1536","page","type-page","status-publish","hentry","tag-450","tag-27c16","tag-eprom-programmer","tag-programmateur-deprom","tag-tl866","tag-tl866ii","tag-vpp-mods"],"_links":{"self":[{"href":"https:\/\/www.f4ctz.fr\/index.php?rest_route=\/wp\/v2\/pages\/1536","targetHints":{"allow":["GET"]}}],"collection":[{"href":"https:\/\/www.f4ctz.fr\/index.php?rest_route=\/wp\/v2\/pages"}],"about":[{"href":"https:\/\/www.f4ctz.fr\/index.php?rest_route=\/wp\/v2\/types\/page"}],"author":[{"embeddable":true,"href":"https:\/\/www.f4ctz.fr\/index.php?rest_route=\/wp\/v2\/users\/1"}],"replies":[{"embeddable":true,"href":"https:\/\/www.f4ctz.fr\/index.php?rest_route=%2Fwp%2Fv2%2Fcomments&post=1536"}],"version-history":[{"count":4,"href":"https:\/\/www.f4ctz.fr\/index.php?rest_route=\/wp\/v2\/pages\/1536\/revisions"}],"predecessor-version":[{"id":1547,"href":"https:\/\/www.f4ctz.fr\/index.php?rest_route=\/wp\/v2\/pages\/1536\/revisions\/1547"}],"up":[{"embeddable":true,"href":"https:\/\/www.f4ctz.fr\/index.php?rest_route=\/wp\/v2\/pages\/1526"}],"wp:attachment":[{"href":"https:\/\/www.f4ctz.fr\/index.php?rest_route=%2Fwp%2Fv2%2Fmedia&parent=1536"}],"wp:term":[{"taxonomy":"category","embeddable":true,"href":"https:\/\/www.f4ctz.fr\/index.php?rest_route=%2Fwp%2Fv2%2Fcategories&post=1536"},{"taxonomy":"post_tag","embeddable":true,"href":"https:\/\/www.f4ctz.fr\/index.php?rest_route=%2Fwp%2Fv2%2Ftags&post=1536"}],"curies":[{"name":"wp","href":"https:\/\/api.w.org\/{rel}","templated":true}]}}