{"id":1578,"date":"2023-10-18T23:09:07","date_gmt":"2023-10-18T21:09:07","guid":{"rendered":"https:\/\/www.f4ctz.fr\/?page_id=1578"},"modified":"2023-10-18T23:51:35","modified_gmt":"2023-10-18T21:51:35","slug":"__trashed","status":"publish","type":"page","link":"https:\/\/www.f4ctz.fr\/?page_id=1578","title":{"rendered":"Politique de confidentialit\u00e9"},"content":{"rendered":"<h3 class=\"wp-block-heading\"><span class=\"HwtZe\" lang=\"fr\"><span class=\"jCAhz ChMk0b\"><span class=\"ryNqvb\">Derni\u00e8re mise \u00e0 jour le 18 octobre 2023<br \/>Date d&rsquo;entr\u00e9e en vigueur 18 octobre 2023<\/span><\/span><\/span><\/h3>\r\n<p style=\"text-align: justify;\"><span class=\"HwtZe\" lang=\"fr\"><span class=\"jCAhz ChMk0b\"><span class=\"ryNqvb\">Cette Politique de Confidentialit\u00e9 d\u00e9crit les politiques de Fabien P., Aix-Marseille, SUD 13000, France, email : &#x66;&#x34;&#x63;&#x74;&#x7a;&#x40;&#x66;&#x72;&#x65;&#x65;&#x2e;&#x66;&#x72;, t\u00e9l\u00e9phone : 0600000000 sur la collecte, l&rsquo;utilisation et la divulgation de vos informations que nous collectons lorsque vous utilisez notre site Internet (<\/span><\/span> <span class=\"jCAhz ChMk0b\"><span class=\"ryNqvb\">https:\/\/www.f4ctz.fr ).<\/span><\/span> <span class=\"jCAhz ChMk0b\"><span class=\"ryNqvb\">(\u00ab\u00a0le Service\u00a0\u00bb).<\/span><\/span> <span class=\"jCAhz ChMk0b\"><span class=\"ryNqvb\">En acc\u00e9dant ou en utilisant le Service, vous consentez \u00e0 la collecte, \u00e0 l&rsquo;utilisation et \u00e0 la divulgation de vos informations conform\u00e9ment \u00e0 la pr\u00e9sente Politique de confidentialit\u00e9.<\/span><\/span> <span class=\"jCAhz ChMk0b\"><span class=\"ryNqvb\">Si vous n\u2019y consentez pas, veuillez ne pas acc\u00e9der ni utiliser le Service.<\/span><\/span><\/span><\/p>\r\n<p style=\"text-align: justify;\"><span class=\"HwtZe\" lang=\"fr\"><span class=\"jCAhz ChMk0b\"><span class=\"ryNqvb\">Nous pouvons modifier cette politique de confidentialit\u00e9 \u00e0 tout moment sans pr\u00e9avis et publierons la politique de confidentialit\u00e9 r\u00e9vis\u00e9e sur le service.<\/span><\/span> <span class=\"jCAhz ChMk0b\"><span class=\"ryNqvb\">La politique r\u00e9vis\u00e9e entrera en vigueur 180 jours \u00e0 compter de la date \u00e0 laquelle la politique r\u00e9vis\u00e9e sera publi\u00e9e dans le service et votre acc\u00e8s continu ou votre utilisation du service apr\u00e8s cette p\u00e9riode constituera votre acceptation de la politique de confidentialit\u00e9 r\u00e9vis\u00e9e.<\/span><\/span> <span class=\"jCAhz ChMk0b\"><span class=\"ryNqvb\">Nous vous recommandons donc de consulter p\u00e9riodiquement cette page.<\/span><\/span><\/span><\/p>\r\n<h3 style=\"text-align: justify;\"><span class=\"HwtZe\" lang=\"fr\"><span class=\"jCAhz ChMk0b\"><span class=\"ryNqvb\">Comment nous partageons vos informations<br \/><\/span><\/span><\/span><\/h3>\r\n<p style=\"text-align: justify;\"><span class=\"HwtZe\" lang=\"fr\"><span class=\"jCAhz ChMk0b\"><span class=\"ryNqvb\">Nous ne transf\u00e9rerons pas vos informations personnelles \u00e0 un tiers sans demander votre consentement, sauf dans les circonstances limit\u00e9es d\u00e9crites ci-dessous\u00a0:<\/span><\/span><\/span><\/p>\r\n<ol>\r\n<li style=\"text-align: justify;\"><span class=\"HwtZe\" lang=\"fr\"><span class=\"jCAhz ChMk0b\"><span class=\"ryNqvb\">Service de publicit\u00e9<\/span><\/span><\/span><\/li>\r\n<li style=\"text-align: justify;\"><span class=\"HwtZe\" lang=\"fr\"><span class=\"jCAhz ChMk0b\"><span class=\"ryNqvb\">Analytique<\/span><\/span><\/span><\/li>\r\n<\/ol>\r\n<p style=\"text-align: justify;\"><span class=\"HwtZe\" lang=\"fr\"><span class=\"jCAhz ChMk0b\"><span class=\"ryNqvb\">Nous exigeons que ces tiers utilisent les informations personnelles que nous leur transf\u00e9rons uniquement aux fins pour lesquelles elles ont \u00e9t\u00e9 transf\u00e9r\u00e9es et ne les conservent pas plus longtemps que n\u00e9cessaire pour atteindre ladite finalit\u00e9.<\/span><\/span><\/span><\/p>\r\n<p style=\"text-align: justify;\"><span class=\"HwtZe\" lang=\"fr\"><span class=\"jCAhz ChMk0b\"><span class=\"ryNqvb\">Nous pouvons \u00e9galement divulguer vos informations personnelles dans les cas suivants\u00a0: (1) pour nous conformer \u00e0 la loi, \u00e0 la r\u00e9glementation, \u00e0 une ordonnance du tribunal ou \u00e0 toute autre proc\u00e9dure judiciaire applicable\u00a0;<\/span><\/span> <span class=\"jCAhz ChMk0b\"><span class=\"ryNqvb\">(2) pour faire respecter vos accords avec nous, y compris cette politique de confidentialit\u00e9\u00a0;<\/span><\/span> <span class=\"jCAhz ChMk0b\"><span class=\"ryNqvb\">ou (3) pour r\u00e9pondre aux r\u00e9clamations selon lesquelles votre utilisation du Service viole les droits de tiers.<\/span><\/span> <span class=\"jCAhz ChMk0b\"><span class=\"ryNqvb\">Si le Service ou notre soci\u00e9t\u00e9 est fusionn\u00e9 ou acquis avec une autre soci\u00e9t\u00e9, vos informations feront partie des actifs transf\u00e9r\u00e9s au nouveau propri\u00e9taire.<\/span><\/span><\/span><\/p>\r\n<h3 style=\"text-align: justify;\"><span class=\"HwtZe\" lang=\"fr\"><span class=\"jCAhz ChMk0b\"><span class=\"ryNqvb\">Vos droits<\/span><\/span><\/span><\/h3>\r\n<p style=\"text-align: justify;\"><span class=\"HwtZe\" lang=\"fr\"><span class=\"jCAhz ChMk0b\"><span class=\"ryNqvb\">Selon la loi applicable, vous pouvez avoir un droit d&rsquo;acc\u00e8s et de rectification ou d&rsquo;effacement de vos donn\u00e9es personnelles ou recevoir une copie de vos donn\u00e9es personnelles, restreindre ou vous opposer au traitement actif de vos donn\u00e9es, nous demander de partager (porter) vos donn\u00e9es personnelles.<\/span><\/span> <span class=\"jCAhz ChMk0b\"><span class=\"ryNqvb\">informations \u00e0 une autre entit\u00e9, retirer tout consentement que vous nous avez fourni pour traiter vos donn\u00e9es, le droit de d\u00e9poser une plainte aupr\u00e8s d&rsquo;une autorit\u00e9 statutaire et tout autre droit qui peut \u00eatre pertinent en vertu des lois applicables.<\/span><\/span> <span class=\"jCAhz ChMk0b\"><span class=\"ryNqvb\">Pour exercer ces droits, vous pouvez nous \u00e9crire \u00e0 f4&#99;&#116;&#122;&#64;&#x66;&#x72;&#x65;&#x65;&#x2e;fr.<\/span><\/span> <span class=\"jCAhz ChMk0b\"><span class=\"ryNqvb\">Nous r\u00e9pondrons \u00e0 votre demande conform\u00e9ment \u00e0 la loi applicable.<\/span><\/span><\/span><\/p>\r\n<p style=\"text-align: justify;\"><span class=\"HwtZe\" lang=\"fr\"><span class=\"jCAhz ChMk0b\"><span class=\"ryNqvb\">Veuillez noter que si vous ne nous autorisez pas \u00e0 collecter ou \u00e0 traiter les informations personnelles requises ou si vous retirez le consentement \u00e0 leur traitement aux fins requises, vous ne pourrez peut-\u00eatre pas acc\u00e9der ou utiliser les services pour lesquels vos informations ont \u00e9t\u00e9 recherch\u00e9es.<\/span><\/span><\/span><\/p>\r\n<h3 style=\"text-align: justify;\"><span class=\"HwtZe\" lang=\"fr\"><span class=\"jCAhz ChMk0b\"><span class=\"ryNqvb\">Cookies, etc.<\/span><\/span><\/span><\/h3>\r\n<p style=\"text-align: justify;\"><span class=\"HwtZe\" lang=\"fr\"><span class=\"jCAhz ChMk0b\"><span class=\"ryNqvb\">Pour en savoir plus sur la mani\u00e8re dont nous les utilisons et sur vos choix concernant ces technologies de suivi, veuillez vous r\u00e9f\u00e9rer \u00e0 notre Politique en mati\u00e8re de cookies.<\/span><\/span><\/span><\/p>\r\n<h3 style=\"text-align: justify;\"><span class=\"HwtZe\" lang=\"fr\"><span class=\"jCAhz ChMk0b\"><span class=\"ryNqvb\">S\u00e9curit\u00e9<\/span><\/span><\/span><\/h3>\r\n<p style=\"text-align: justify;\"><span class=\"HwtZe\" lang=\"fr\"><span class=\"jCAhz ChMk0b\"><span class=\"ryNqvb\">La s\u00e9curit\u00e9 de vos informations est importante pour nous et nous utiliserons des mesures de s\u00e9curit\u00e9 raisonnables pour emp\u00eacher la perte, l&rsquo;utilisation abusive ou la modification non autoris\u00e9e de vos informations sous notre contr\u00f4le.<\/span><\/span> <span class=\"jCAhz ChMk0b\"><span class=\"ryNqvb\">Cependant, compte tenu des risques inh\u00e9rents, nous ne pouvons garantir une s\u00e9curit\u00e9 absolue et, par cons\u00e9quent, nous ne pouvons assurer ou garantir la s\u00e9curit\u00e9 des informations que vous nous transmettez et vous le faites \u00e0 vos propres risques.<\/span><\/span><\/span><\/p>\r\n<h3 style=\"text-align: justify;\"><span class=\"HwtZe\" lang=\"fr\"><span class=\"jCAhz ChMk0b\"><span class=\"ryNqvb\">Liens vers des tiers et utilisation de vos informations<\/span><\/span><\/span><\/h3>\r\n<p style=\"text-align: justify;\"><span class=\"HwtZe\" lang=\"fr\"><span class=\"jCAhz ChMk0b\"><span class=\"ryNqvb\">Notre Service peut contenir des liens vers d&rsquo;autres sites Web qui ne sont pas exploit\u00e9s par nous.<\/span><\/span> <span class=\"jCAhz ChMk0b\"><span class=\"ryNqvb\">Cette politique de confidentialit\u00e9 ne traite pas de la politique de confidentialit\u00e9 et d&rsquo;autres pratiques de tiers, y compris de tout tiers exploitant un site Web ou un service pouvant \u00eatre accessible via un lien sur le service.<\/span><\/span> <span class=\"jCAhz ChMk0b\"><span class=\"ryNqvb\">Nous vous conseillons fortement de consulter la politique de confidentialit\u00e9 de chaque site que vous visitez.<\/span><\/span> <span class=\"jCAhz ChMk0b\"><span class=\"ryNqvb\">Nous n&rsquo;avons aucun contr\u00f4le et n&rsquo;assumons aucune responsabilit\u00e9 quant au contenu, aux politiques de confidentialit\u00e9 ou aux pratiques de tout site ou service tiers.<\/span><\/span> <\/span><\/p>\r\n<h3 style=\"text-align: justify;\"><span class=\"HwtZe\" lang=\"fr\"><span class=\"jCAhz ChMk0b\"><span class=\"ryNqvb\">Grief \/ D\u00e9l\u00e9gu\u00e9 \u00e0 la protection des donn\u00e9es<\/span><\/span><\/span><\/h3>\r\n<p style=\"text-align: justify;\"><span class=\"HwtZe\" lang=\"fr\"><span class=\"jCAhz ChMk0b\"><span class=\"ryNqvb\">Si vous avez des questions ou des pr\u00e9occupations concernant le traitement de vos informations dont nous disposons, vous pouvez envoyer un e-mail \u00e0 notre responsable des r\u00e9clamations \u00e0 Fabien P., Aix-Marseille, email : &#102;&#x34;&#x63;t&#122;&#x40;f&#114;&#x65;e&#46;&#x66;r.<\/span><\/span> <span class=\"jCAhz ChMk0b\"><span class=\"ryNqvb\">Nous r\u00e9pondrons \u00e0 vos pr\u00e9occupations conform\u00e9ment \u00e0 la loi applicable.<\/span><\/span><\/span><\/p>\r\n<p style=\"text-align: justify;\"><span class=\"HwtZe\" lang=\"fr\"><span class=\"jCAhz ChMk0b\"><span class=\"ryNqvb\">Politique de confidentialit\u00e9 g\u00e9n\u00e9r\u00e9e avec <a href=\"https:\/\/www.cookieyes.com\/?utm_source=PP&amp;utm_medium=footer&amp;utm_campaign=UW\" target=\"_blank\" rel=\"noopener\">CookieYes<\/a>.<\/span><\/span><\/span><\/p>","protected":false},"excerpt":{"rendered":"<p>Derni\u00e8re mise \u00e0 jour le 18 octobre 2023Date d&rsquo;entr\u00e9e en vigueur 18 octobre 2023 Cette Politique de Confidentialit\u00e9 d\u00e9crit les politiques de Fabien P., Aix-Marseille, SUD 13000, France, email : &#x66;&#x34;&#x63;&#x74;&#x7a;&#x40;&#102;&#114;&#101;&#101;&#46;fr, t\u00e9l\u00e9phone : 0600000000 sur la collecte, l&rsquo;utilisation et la divulgation de vos informations que nous collectons lorsque vous utilisez notre site Internet ( https:\/\/www.f4ctz.fr [&hellip;]<\/p>\n","protected":false},"author":1,"featured_media":0,"parent":0,"menu_order":0,"comment_status":"closed","ping_status":"closed","template":"","meta":{"footnotes":""},"categories":[],"tags":[],"class_list":["post-1578","page","type-page","status-publish","hentry"],"_links":{"self":[{"href":"https:\/\/www.f4ctz.fr\/index.php?rest_route=\/wp\/v2\/pages\/1578","targetHints":{"allow":["GET"]}}],"collection":[{"href":"https:\/\/www.f4ctz.fr\/index.php?rest_route=\/wp\/v2\/pages"}],"about":[{"href":"https:\/\/www.f4ctz.fr\/index.php?rest_route=\/wp\/v2\/types\/page"}],"author":[{"embeddable":true,"href":"https:\/\/www.f4ctz.fr\/index.php?rest_route=\/wp\/v2\/users\/1"}],"replies":[{"embeddable":true,"href":"https:\/\/www.f4ctz.fr\/index.php?rest_route=%2Fwp%2Fv2%2Fcomments&post=1578"}],"version-history":[{"count":2,"href":"https:\/\/www.f4ctz.fr\/index.php?rest_route=\/wp\/v2\/pages\/1578\/revisions"}],"predecessor-version":[{"id":1580,"href":"https:\/\/www.f4ctz.fr\/index.php?rest_route=\/wp\/v2\/pages\/1578\/revisions\/1580"}],"wp:attachment":[{"href":"https:\/\/www.f4ctz.fr\/index.php?rest_route=%2Fwp%2Fv2%2Fmedia&parent=1578"}],"wp:term":[{"taxonomy":"category","embeddable":true,"href":"https:\/\/www.f4ctz.fr\/index.php?rest_route=%2Fwp%2Fv2%2Fcategories&post=1578"},{"taxonomy":"post_tag","embeddable":true,"href":"https:\/\/www.f4ctz.fr\/index.php?rest_route=%2Fwp%2Fv2%2Ftags&post=1578"}],"curies":[{"name":"wp","href":"https:\/\/api.w.org\/{rel}","templated":true}]}}