{"id":182,"date":"2012-06-22T08:27:11","date_gmt":"2012-06-22T08:27:11","guid":{"rendered":"http:\/\/www.f4ctz.fr\/?page_id=182"},"modified":"2012-08-29T09:10:08","modified_gmt":"2012-08-29T09:10:08","slug":"stations","status":"publish","type":"page","link":"https:\/\/www.f4ctz.fr\/?page_id=182","title":{"rendered":"Stations"},"content":{"rendered":"<p>Je suis radioamateur depuis l&rsquo;\u00e2ge de 16ans donc les QRA se sont succ\u00e9d\u00e9s depuis. Dans ces articles je d\u00e9cris rapidement chacune de mes stations au fil des ann\u00e9es et les objectifs techniques que je cherchais \u00e0 atteindre.<\/p>\n<a class =\"resume\" href=\"https:\/\/www.f4ctz.fr\/?page_id=260\"><div class=\"resume\"><h3>Radio<\/h3><\/div><\/a><a class =\"resume\" href=\"https:\/\/www.f4ctz.fr\/?page_id=265\"><div class=\"resume\"><h3>Electronique<\/h3><\/div><\/a><a class =\"resume\" href=\"https:\/\/www.f4ctz.fr\/?page_id=300\"><div class=\"resume\"><h3>Biblioth\u00e8que<\/h3><\/div><\/a><a class =\"resume\" href=\"https:\/\/www.f4ctz.fr\/?page_id=1418\"><div class=\"resume\"><h3>Software<\/h3><\/div><\/a><a class =\"resume\" href=\"https:\/\/www.f4ctz.fr\/?page_id=1578\"><div class=\"resume\"><h3>Politique de confidentialit\u00e9<\/h3><\/div><\/a><a class =\"resume\" href=\"https:\/\/www.f4ctz.fr\/?page_id=1581\"><div class=\"resume\"><h3>Politique de cookies (UE)<\/h3><\/div><\/a><a class =\"resume\" href=\"https:\/\/www.f4ctz.fr\/?page_id=1589\"><div class=\"resume\"><h3>Conditions g\u00e9n\u00e9rales<\/h3><\/div><\/a>\n","protected":false},"excerpt":{"rendered":"<p>Je suis radioamateur depuis l&rsquo;\u00e2ge de 16ans donc les QRA se sont succ\u00e9d\u00e9s depuis. Dans ces articles je d\u00e9cris rapidement chacune de mes stations au fil des ann\u00e9es et les objectifs techniques que je cherchais \u00e0 atteindre.<\/p>\n","protected":false},"author":1,"featured_media":0,"parent":260,"menu_order":0,"comment_status":"closed","ping_status":"closed","template":"","meta":{"footnotes":""},"categories":[],"tags":[164,175,157,160,155,131,161],"class_list":["post-182","page","type-page","status-publish","hentry","tag-antenne","tag-atv","tag-projet","tag-projet-radioamateur","tag-radio","tag-radioamateur","tag-satellite"],"_links":{"self":[{"href":"https:\/\/www.f4ctz.fr\/index.php?rest_route=\/wp\/v2\/pages\/182","targetHints":{"allow":["GET"]}}],"collection":[{"href":"https:\/\/www.f4ctz.fr\/index.php?rest_route=\/wp\/v2\/pages"}],"about":[{"href":"https:\/\/www.f4ctz.fr\/index.php?rest_route=\/wp\/v2\/types\/page"}],"author":[{"embeddable":true,"href":"https:\/\/www.f4ctz.fr\/index.php?rest_route=\/wp\/v2\/users\/1"}],"replies":[{"embeddable":true,"href":"https:\/\/www.f4ctz.fr\/index.php?rest_route=%2Fwp%2Fv2%2Fcomments&post=182"}],"version-history":[{"count":0,"href":"https:\/\/www.f4ctz.fr\/index.php?rest_route=\/wp\/v2\/pages\/182\/revisions"}],"up":[{"embeddable":true,"href":"https:\/\/www.f4ctz.fr\/index.php?rest_route=\/wp\/v2\/pages\/260"}],"wp:attachment":[{"href":"https:\/\/www.f4ctz.fr\/index.php?rest_route=%2Fwp%2Fv2%2Fmedia&parent=182"}],"wp:term":[{"taxonomy":"category","embeddable":true,"href":"https:\/\/www.f4ctz.fr\/index.php?rest_route=%2Fwp%2Fv2%2Fcategories&post=182"},{"taxonomy":"post_tag","embeddable":true,"href":"https:\/\/www.f4ctz.fr\/index.php?rest_route=%2Fwp%2Fv2%2Ftags&post=182"}],"curies":[{"name":"wp","href":"https:\/\/api.w.org\/{rel}","templated":true}]}}