{"id":363,"date":"2012-06-28T14:10:05","date_gmt":"2012-06-28T14:10:05","guid":{"rendered":"http:\/\/www.f4ctz.fr\/?page_id=363"},"modified":"2013-03-08T09:34:00","modified_gmt":"2013-03-08T09:34:00","slug":"president-lincoln","status":"publish","type":"page","link":"https:\/\/www.f4ctz.fr\/?page_id=363","title":{"rendered":"President LINCOLN"},"content":{"rendered":"<p style=\"text-align: justify;\"><img loading=\"lazy\" decoding=\"async\" class=\"aligncenter size-full wp-image-895\" alt=\"PRESIDENT_lincoln\" src=\"https:\/\/www.f4ctz.fr\/wp-content\/uploads\/PRESIDENT_lincoln.jpg\" width=\"500\" height=\"308\" srcset=\"https:\/\/www.f4ctz.fr\/wp-content\/uploads\/PRESIDENT_lincoln.jpg 500w, https:\/\/www.f4ctz.fr\/wp-content\/uploads\/PRESIDENT_lincoln-300x184.jpg 300w\" sizes=\"auto, (max-width: 500px) 100vw, 500px\" \/><\/p>\n<p style=\"text-align: justify;\">Dans le document t\u00e9l\u00e9chargeable \u00e0 droite, vous pourrez trouver tout un ensemble de modifications possible sur un President LINCOLN, mat\u00e9riel CB et Radioamateur. Je ne les ai jamais r\u00e9alis\u00e9 mais certaines m&rsquo;avaient int\u00e9ress\u00e9es \u00e0 une \u00e9poque o\u00f9 j&rsquo;en poss\u00e9dais encore un.<\/p>\n<p style=\"text-align: justify;\">Je d\u00e9cline toutes responsabilit\u00e9s par rapport \u00e0 ces modifications et ne pourrait r\u00e9pondre \u00e0 aucune question \u00e0 leur sujet puisque je ne les ai pas r\u00e9alis\u00e9es moi-m\u00eame.<\/p>\n<p style=\"text-align: justify;\">Voici la liste de ces modifications :<\/p>\n<ul style=\"list-style-type: disc; text-align: justify;\">\n<li>Transformation d&rsquo;un Uniden HR2510 pour le 11m.<\/li>\n<li>Transformation d&rsquo;un President LINCOLN pour le 11m.<\/li>\n<li>Am\u00e9lioration du MicGain pour HR2510.<\/li>\n<li>Puissance r\u00e9glable.<\/li>\n<li>Augmenter la puissance de sortie.<\/li>\n<li>R\u00e9glage VFO au micro.<\/li>\n<li>Suppression du Talkback.<\/li>\n<li>Modification du RIT \/ Clarifier.<\/li>\n<li>Am\u00e9liorations diverses.<\/li>\n<li>Modification du Roger Beep.<\/li>\n<li>Smetre externe.<\/li>\n<li>CHIPSWITCH : modification de la PLL et du CPU pour \u00e9tendre la plage de fonctionnement<\/li>\n<\/ul>\n<p style=\"text-align: justify;\">Vous y trouverez aussi :<\/p>\n<ul style=\"list-style-type: disc; text-align: justify;\">\n<li>Proc\u00e9dure d&rsquo;alignement.<\/li>\n<li>Les sch\u00e9mas.<\/li>\n<li>Les blocs diagrammes<\/li>\n<\/ul>\n<div style=\"display: none; text-align: justify;\"><div class=\"attachments\"><dl class=\"attachments attachments-large\"><dt class=\"icon\">\r\n\t<a title=\"President LINCOLN - Modifications\" href=\"https:\/\/www.f4ctz.fr\/?page_id=363&aid=370&sa=1\" >\r\n\t\t<img loading=\"lazy\" decoding=\"async\" src=\"https:\/\/www.f4ctz.fr\/wp-content\/plugins\/eg-attachments\/img\/flags\/file-ext\/zip.png\" width=\"48\" height=\"48\"  alt=\"President LINCOLN - Modifications\" \/>\r\n\t<\/a>\r\n<\/dt>\r\n<dd class=\"caption\">\r\n\t<strong>Titre<\/strong>: <a title=\"President LINCOLN - Modifications\" href=\"https:\/\/www.f4ctz.fr\/?page_id=363&aid=370&sa=1\" >President LINCOLN - Modifications<\/a> (14570 clics)\r\n\t<br \/>\r\n\t<strong>L&eacute;gende<\/strong>: \r\n\t<br \/>\r\n\t<strong>Nom du fichier<\/strong>: president-lincoln-2.zip\r\n\t<br \/>\r\n\t<strong>Taille<\/strong>: 222 Ko\r\n<\/dd>\r\n<\/dl><p><\/p><\/div><\/div>\n","protected":false},"excerpt":{"rendered":"<p>Dans le document t\u00e9l\u00e9chargeable \u00e0 droite, vous pourrez trouver tout un ensemble de modifications possible sur un President LINCOLN, mat\u00e9riel CB et Radioamateur. Je ne les ai jamais r\u00e9alis\u00e9 mais certaines m&rsquo;avaient int\u00e9ress\u00e9es \u00e0 une \u00e9poque o\u00f9 j&rsquo;en poss\u00e9dais encore un. Je d\u00e9cline toutes responsabilit\u00e9s par rapport \u00e0 ces modifications et ne pourrait r\u00e9pondre \u00e0 [&hellip;]<\/p>\n","protected":false},"author":1,"featured_media":0,"parent":354,"menu_order":0,"comment_status":"closed","ping_status":"closed","template":"","meta":{"footnotes":""},"categories":[],"tags":[132,113,125,159],"class_list":["post-363","page","type-page","status-publish","hentry","tag-cb","tag-modification","tag-president","tag-president-lincoln"],"_links":{"self":[{"href":"https:\/\/www.f4ctz.fr\/index.php?rest_route=\/wp\/v2\/pages\/363","targetHints":{"allow":["GET"]}}],"collection":[{"href":"https:\/\/www.f4ctz.fr\/index.php?rest_route=\/wp\/v2\/pages"}],"about":[{"href":"https:\/\/www.f4ctz.fr\/index.php?rest_route=\/wp\/v2\/types\/page"}],"author":[{"embeddable":true,"href":"https:\/\/www.f4ctz.fr\/index.php?rest_route=\/wp\/v2\/users\/1"}],"replies":[{"embeddable":true,"href":"https:\/\/www.f4ctz.fr\/index.php?rest_route=%2Fwp%2Fv2%2Fcomments&post=363"}],"version-history":[{"count":0,"href":"https:\/\/www.f4ctz.fr\/index.php?rest_route=\/wp\/v2\/pages\/363\/revisions"}],"up":[{"embeddable":true,"href":"https:\/\/www.f4ctz.fr\/index.php?rest_route=\/wp\/v2\/pages\/354"}],"wp:attachment":[{"href":"https:\/\/www.f4ctz.fr\/index.php?rest_route=%2Fwp%2Fv2%2Fmedia&parent=363"}],"wp:term":[{"taxonomy":"category","embeddable":true,"href":"https:\/\/www.f4ctz.fr\/index.php?rest_route=%2Fwp%2Fv2%2Fcategories&post=363"},{"taxonomy":"post_tag","embeddable":true,"href":"https:\/\/www.f4ctz.fr\/index.php?rest_route=%2Fwp%2Fv2%2Ftags&post=363"}],"curies":[{"name":"wp","href":"https:\/\/api.w.org\/{rel}","templated":true}]}}