{"id":428,"date":"2012-07-17T08:58:57","date_gmt":"2012-07-17T08:58:57","guid":{"rendered":"http:\/\/www.f4ctz.fr\/?page_id=428"},"modified":"2016-02-25T10:20:44","modified_gmt":"2016-02-25T09:20:44","slug":"f4ctz-tracker-v1","status":"publish","type":"page","link":"https:\/\/www.f4ctz.fr\/?page_id=428","title":{"rendered":"F4CTZTracker V1"},"content":{"rendered":"<p><\/p>\n<h2 style=\"text-align: justify;\">Description<\/h2>\n<p style=\"text-align: justify;\">Apr\u00e8s la r\u00e9alisation de multiples versions d&rsquo;un logiciel de poursuite de satellite et la recherche dans la multitude de logiciel existant (InstantTrack, Nova, Orbitron, etc.) en 10ans, je n&rsquo;en ai jamais trouv\u00e9 un qui me convienne compl\u00e8tement. En effet, toutes les solutions de commande d&rsquo;antennes existantes ou que j&rsquo;ai pu imagin\u00e9 sur PC pr\u00e9sentait un gros probl\u00e8me d&rsquo;ergonomie avec la n\u00e9cessit\u00e9 d&rsquo;avoir toujours le PC d&rsquo;allum\u00e9 (source de parasites) et toujours un ou plusieurs des param\u00e8tres (site, azimuth, \u00e9l\u00e9vation) que l&rsquo;OM doit contr\u00f4ler manuellement. Les passages des satellites LEO (orbites basses) ne durent pas plus de 15min dans les meilleures cas donc l&rsquo;OM n&rsquo;a pas de temps \u00e0 perdre \u00e0 piloter ses antennes, \u00e0 compenser le doppler si il veut vraiment profiter de ce cours laps de temps pour trafiquer dans de bonne condition.<\/p>\n<p style=\"text-align: justify;\">J&rsquo;ai donc cherch\u00e9 ce qu&rsquo;il existait dans les solutions autonomes \u00e0 base de microcontr\u00f4leur. Dans cette recherche, j&rsquo;ai trouv\u00e9 le LVBTracker de Howard G6LVB (<a href=\"http:\/\/www.g6lvb.com\/\">www.g6lvb.com<\/a>). L&rsquo;id\u00e9e du F4CTZTracker est partie de l\u00e0 : s&rsquo;inspirer du LVBTracker pour l&rsquo;am\u00e9liorer ergonomiquement parlant avec une afficheur graphique et y ajouter des fonctionnalit\u00e9s.<\/p>\n<p style=\"text-align: justify;\">La station que j&rsquo;avais en 2007, 2008 \u00e9tait celle d\u00e9crite sur <a href=\"https:\/\/www.f4ctz.fr\/?page_id=13\">cette page<\/a>. Le F4CTZTracker a donc \u00e9t\u00e9 con\u00e7u pour piloter les trois \u00e9quipements suivants :<\/p>\n<ul style=\"list-style-type: circle; text-align: justify;\">\n<li>YAESU FT847.<\/li>\n<li>Moteur d&rsquo;azimuth CREATE RC5-1.<\/li>\n<li>Moteur d&rsquo;\u00e9l\u00e9vation KENPRO KR400.<\/li>\n<\/ul>\n<p style=\"text-align: justify;\">Voici les fonctionnalit\u00e9s que j&rsquo;ai r\u00e9alis\u00e9 en m&rsquo;inspirant du LVBTracker :<\/p>\n<ul style=\"list-style-type: circle; text-align: justify;\">\n<li>LCD 128&#215;64.<\/li>\n<li>4 boutons de direction pour le pointage manuel.<\/li>\n<li>1 bouton OK et 1 bouton Cancel pour la navigation dans les menus.<\/li>\n<li>Un clavier 4&#215;3.<\/li>\n<li>Une entr\u00e9e GPS.<\/li>\n<li>Un port s\u00e9rie pour piloter un TRX (FT847 pour l&rsquo;instant seulement)\u00a0 pour la compensation doppler.<\/li>\n<li>Un port s\u00e9rie pour recevoir les mises \u00e0 jour des KEPS. Ce port peut aussi \u00eatre utilis\u00e9 pour le pilotage selon le protocole GS232 \u00e0 partir d&rsquo;un PC (a servi plus plus le d\u00e9buggage lors de la conception qu&rsquo;autre chose) ou d&rsquo;un accessoire\u00a0 comme un d\u00e9codeur de trame APRS GPS pour le pointage automatique vers une station transmettant ses coordonn\u00e9es (un ballon sonde par exemple).<\/li>\n<li>Commande par MOS optocoupl\u00e9 des moteurs.<\/li>\n<li>Entr\u00e9es AZ et EL analogique.<\/li>\n<li>Pr\u00e9diction jusqu&rsquo;\u00e0 15 satellite.<\/li>\n<li>Pr\u00e9diction de la lune.<\/li>\n<\/ul>\n<p style=\"text-align: justify;\">Voici une vid\u00e9o de pr\u00e9sentation que j&rsquo;ai r\u00e9cemment r\u00e9alis\u00e9e apr\u00e8s avoir exhumer ce projet. On peut y voir les menus, l&rsquo;interface de tracking, le menu de pointage manuel et semi-automatique, le setup et le chargement de KEPS, etc. Pour la d\u00e9mo, seul le PC est connect\u00e9 (je n&rsquo;ai plus de station permettant une d\u00e9mo compl\u00e8te) :<\/p>\n<p style=\"text-align: justify;\">\u00a0<iframe loading=\"lazy\" title=\"F4CTZ Tracker v1\" width=\"500\" height=\"375\" src=\"https:\/\/www.youtube.com\/embed\/QsDLvUcCobE?feature=oembed\" frameborder=\"0\" allow=\"accelerometer; autoplay; clipboard-write; encrypted-media; gyroscope; picture-in-picture; web-share\" referrerpolicy=\"strict-origin-when-cross-origin\" allowfullscreen><\/iframe><\/p>\n<h2 style=\"text-align: justify;\">Photos<\/h2>\n<table style=\"text-decoration: none; width: 100%;\" border=\"0\" align=\"center\">\n<tbody>\n<tr>\n<td>\n<p style=\"text-align: center;\"><img loading=\"lazy\" decoding=\"async\" class=\"aligncenter\" title=\"F4CTZTracker V1 Dev\" src=\"https:\/\/www.f4ctz.fr\/wp-content\/uploads\/100_3022-300x224.jpg\" alt=\"F4CTZTracker V1 Dev\" width=\"300\" height=\"224\" \/><\/p>\n<\/td>\n<td>\n<p style=\"text-align: center;\"><img loading=\"lazy\" decoding=\"async\" title=\"F4CTZTracker V1 Assemblage 2\" src=\"https:\/\/www.f4ctz.fr\/wp-content\/uploads\/IGP0001-300x199.jpg\" alt=\"F4CTZTracker V1 Assemblage 2\" width=\"300\" height=\"199\" \/><\/p>\n<\/td>\n<\/tr>\n<tr>\n<td><img loading=\"lazy\" decoding=\"async\" class=\"aligncenter size-medium wp-image-581\" title=\"F4CTZTracker V1 Assemblage 1\" src=\"https:\/\/www.f4ctz.fr\/wp-content\/uploads\/IGP0002-300x199.jpg\" alt=\"F4CTZTracker V1 Assemblage 1\" width=\"300\" height=\"199\" srcset=\"https:\/\/www.f4ctz.fr\/wp-content\/uploads\/IGP0002-300x199.jpg 300w, https:\/\/www.f4ctz.fr\/wp-content\/uploads\/IGP0002-1024x680.jpg 1024w\" sizes=\"auto, (max-width: 300px) 100vw, 300px\" \/><\/td>\n<td><img loading=\"lazy\" decoding=\"async\" class=\"aligncenter\" title=\"F4CTZTracker V1 FrontPanel\" src=\"https:\/\/www.f4ctz.fr\/wp-content\/uploads\/IMGP0046-300x199.jpg\" alt=\"F4CTZTracker V1 FrontPanel\" width=\"300\" height=\"199\" \/><\/td>\n<\/tr>\n<\/tbody>\n<\/table>\n<h2>Sch\u00e9mas et routages Cadsoft EAGLE<\/h2>\n<div class=\"attachments\"><dl class=\"attachments attachments-large\"><dt class=\"icon\">\r\n\t<a title=\"F4CTZTrackerV1 - Fichier Eagle\" href=\"https:\/\/www.f4ctz.fr\/?page_id=428&aid=665&sa=1\" >\r\n\t\t<img loading=\"lazy\" decoding=\"async\" src=\"https:\/\/www.f4ctz.fr\/wp-content\/plugins\/eg-attachments\/img\/flags\/archive.png\" width=\"48\" height=\"48\"  alt=\"F4CTZTrackerV1 - Fichier Eagle\" \/>\r\n\t<\/a>\r\n<\/dt>\r\n<dd class=\"caption\">\r\n\t<strong>Titre<\/strong>: <a title=\"F4CTZTrackerV1 - Fichier Eagle\" href=\"https:\/\/www.f4ctz.fr\/?page_id=428&aid=665&sa=1\" >F4CTZTrackerV1 - Fichier Eagle<\/a> (3059 clics)\r\n\t<br \/>\r\n\t<strong>L&eacute;gende<\/strong>: \r\n\t<br \/>\r\n\t<strong>Nom du fichier<\/strong>: fichier_eagle_f4ctztracker.rar\r\n\t<br \/>\r\n\t<strong>Taille<\/strong>: 152 Ko\r\n<\/dd>\r\n<\/dl><p><\/p><\/div>\n<h2 style=\"text-align: justify;\">Sch\u00e9mas<\/h2>\n<p style=\"text-align: justify;\"><div class=\"attachments\"><h4>Module principal<\/h4><dl class=\"attachments attachments-large\"><dt class=\"icon\">\r\n\t<a title=\"F4CTZTracker - Sch\u00e9ma\" href=\"https:\/\/www.f4ctz.fr\/?page_id=428&aid=509&sa=1\" >\r\n\t\t<img loading=\"lazy\" decoding=\"async\" src=\"https:\/\/www.f4ctz.fr\/wp-content\/plugins\/eg-attachments\/img\/flags\/file-ext\/pdf.png\" width=\"48\" height=\"48\"  alt=\"F4CTZTracker - Sch\u00e9ma\" \/>\r\n\t<\/a>\r\n<\/dt>\r\n<dd class=\"caption\">\r\n\t<strong>Titre<\/strong>: <a title=\"F4CTZTracker - Sch\u00e9ma\" href=\"https:\/\/www.f4ctz.fr\/?page_id=428&aid=509&sa=1\" >F4CTZTracker - Sch\u00e9ma<\/a> (3268 clics)\r\n\t<br \/>\r\n\t<strong>L&eacute;gende<\/strong>: \r\n\t<br \/>\r\n\t<strong>Nom du fichier<\/strong>: f4ctztracker-schema.pdf\r\n\t<br \/>\r\n\t<strong>Taille<\/strong>: 41 Ko\r\n<\/dd>\r\n<\/dl><p><\/p><\/div><\/p>\n<p style=\"text-align: justify;\"><div class=\"attachments\"><h4>Commande puissance<\/h4><dl class=\"attachments attachments-large\"><dt class=\"icon\">\r\n\t<a title=\"F4CTZTracker - Commande Puissance - Sch\u00e9ma\" href=\"https:\/\/www.f4ctz.fr\/?page_id=428&aid=512&sa=1\" >\r\n\t\t<img loading=\"lazy\" decoding=\"async\" src=\"https:\/\/www.f4ctz.fr\/wp-content\/plugins\/eg-attachments\/img\/flags\/file-ext\/pdf.png\" width=\"48\" height=\"48\"  alt=\"F4CTZTracker - Commande Puissance - Sch\u00e9ma\" \/>\r\n\t<\/a>\r\n<\/dt>\r\n<dd class=\"caption\">\r\n\t<strong>Titre<\/strong>: <a title=\"F4CTZTracker - Commande Puissance - Sch\u00e9ma\" href=\"https:\/\/www.f4ctz.fr\/?page_id=428&aid=512&sa=1\" >F4CTZTracker - Commande Puissance - Sch\u00e9ma<\/a> (3233 clics)\r\n\t<br \/>\r\n\t<strong>L&eacute;gende<\/strong>: \r\n\t<br \/>\r\n\t<strong>Nom du fichier<\/strong>: f4ctztracker-commande-puissance-schema.pdf\r\n\t<br \/>\r\n\t<strong>Taille<\/strong>: 15 Ko\r\n<\/dd>\r\n<\/dl><p><\/p><\/div><\/p>\n<p style=\"text-align: justify;\"><div class=\"attachments\"><h4>Contr\u00f4le affichage<\/h4><dl class=\"attachments attachments-large\"><dt class=\"icon\">\r\n\t<a title=\"F4CTZTracker - Controle affichage - Sch\u00e9ma\" href=\"https:\/\/www.f4ctz.fr\/?page_id=428&aid=516&sa=1\" >\r\n\t\t<img loading=\"lazy\" decoding=\"async\" src=\"https:\/\/www.f4ctz.fr\/wp-content\/plugins\/eg-attachments\/img\/flags\/file-ext\/pdf.png\" width=\"48\" height=\"48\"  alt=\"F4CTZTracker - Controle affichage - Sch\u00e9ma\" \/>\r\n\t<\/a>\r\n<\/dt>\r\n<dd class=\"caption\">\r\n\t<strong>Titre<\/strong>: <a title=\"F4CTZTracker - Controle affichage - Sch\u00e9ma\" href=\"https:\/\/www.f4ctz.fr\/?page_id=428&aid=516&sa=1\" >F4CTZTracker - Controle affichage - Sch\u00e9ma<\/a> (3122 clics)\r\n\t<br \/>\r\n\t<strong>L&eacute;gende<\/strong>: \r\n\t<br \/>\r\n\t<strong>Nom du fichier<\/strong>: f4ctztracker-controle-affichage-schema.pdf\r\n\t<br \/>\r\n\t<strong>Taille<\/strong>: 13 Ko\r\n<\/dd>\r\n<\/dl><p><\/p><\/div><\/p>\n<h2 style=\"text-align: justify;\">PCBs<\/h2>\n<p style=\"text-align: justify;\"><div class=\"attachments\"><h4>Module principal<\/h4><dl class=\"attachments attachments-large\"><dt class=\"icon\">\r\n\t<a title=\"F4CTZTracker - PCB BOTTOM\" href=\"https:\/\/www.f4ctz.fr\/?page_id=428&aid=506&sa=1\" >\r\n\t\t<img loading=\"lazy\" decoding=\"async\" src=\"https:\/\/www.f4ctz.fr\/wp-content\/plugins\/eg-attachments\/img\/flags\/file-ext\/pdf.png\" width=\"48\" height=\"48\"  alt=\"F4CTZTracker - PCB BOTTOM\" \/>\r\n\t<\/a>\r\n<\/dt>\r\n<dd class=\"caption\">\r\n\t<strong>Titre<\/strong>: <a title=\"F4CTZTracker - PCB BOTTOM\" href=\"https:\/\/www.f4ctz.fr\/?page_id=428&aid=506&sa=1\" >F4CTZTracker - PCB BOTTOM<\/a> (3261 clics)\r\n\t<br \/>\r\n\t<strong>L&eacute;gende<\/strong>: \r\n\t<br \/>\r\n\t<strong>Nom du fichier<\/strong>: f4ctztracker-pcb-bottom.pdf\r\n\t<br \/>\r\n\t<strong>Taille<\/strong>: 73 Ko\r\n<\/dd>\r\n<\/dl><dl class=\"attachments attachments-large\"><dt class=\"icon\">\r\n\t<a title=\"F4CTZTracker - PCB implantation\" href=\"https:\/\/www.f4ctz.fr\/?page_id=428&aid=507&sa=1\" >\r\n\t\t<img loading=\"lazy\" decoding=\"async\" src=\"https:\/\/www.f4ctz.fr\/wp-content\/plugins\/eg-attachments\/img\/flags\/file-ext\/pdf.png\" width=\"48\" height=\"48\"  alt=\"F4CTZTracker - PCB implantation\" \/>\r\n\t<\/a>\r\n<\/dt>\r\n<dd class=\"caption\">\r\n\t<strong>Titre<\/strong>: <a title=\"F4CTZTracker - PCB implantation\" href=\"https:\/\/www.f4ctz.fr\/?page_id=428&aid=507&sa=1\" >F4CTZTracker - PCB implantation<\/a> (3188 clics)\r\n\t<br \/>\r\n\t<strong>L&eacute;gende<\/strong>: \r\n\t<br \/>\r\n\t<strong>Nom du fichier<\/strong>: f4ctztracker-pcb-implantation.pdf\r\n\t<br \/>\r\n\t<strong>Taille<\/strong>: 29 Ko\r\n<\/dd>\r\n<\/dl><dl class=\"attachments attachments-large\"><dt class=\"icon\">\r\n\t<a title=\"F4CTZTracker - PCB TOP\" href=\"https:\/\/www.f4ctz.fr\/?page_id=428&aid=508&sa=1\" >\r\n\t\t<img loading=\"lazy\" decoding=\"async\" src=\"https:\/\/www.f4ctz.fr\/wp-content\/plugins\/eg-attachments\/img\/flags\/file-ext\/pdf.png\" width=\"48\" height=\"48\"  alt=\"F4CTZTracker - PCB TOP\" \/>\r\n\t<\/a>\r\n<\/dt>\r\n<dd class=\"caption\">\r\n\t<strong>Titre<\/strong>: <a title=\"F4CTZTracker - PCB TOP\" href=\"https:\/\/www.f4ctz.fr\/?page_id=428&aid=508&sa=1\" >F4CTZTracker - PCB TOP<\/a> (3143 clics)\r\n\t<br \/>\r\n\t<strong>L&eacute;gende<\/strong>: \r\n\t<br \/>\r\n\t<strong>Nom du fichier<\/strong>: f4ctztracker-pcb-top.pdf\r\n\t<br \/>\r\n\t<strong>Taille<\/strong>: 76 Ko\r\n<\/dd>\r\n<\/dl><p><\/p><\/div><\/p>\n<p style=\"text-align: justify;\"><div class=\"attachments\"><h4>Commande puissance<\/h4><dl class=\"attachments attachments-large\"><dt class=\"icon\">\r\n\t<a title=\"F4CTZTracker - Commande Puissance - BOTTOM\" href=\"https:\/\/www.f4ctz.fr\/?page_id=428&aid=518&sa=1\" >\r\n\t\t<img loading=\"lazy\" decoding=\"async\" src=\"https:\/\/www.f4ctz.fr\/wp-content\/plugins\/eg-attachments\/img\/flags\/file-ext\/pdf.png\" width=\"48\" height=\"48\"  alt=\"F4CTZTracker - Commande Puissance - BOTTOM\" \/>\r\n\t<\/a>\r\n<\/dt>\r\n<dd class=\"caption\">\r\n\t<strong>Titre<\/strong>: <a title=\"F4CTZTracker - Commande Puissance - BOTTOM\" href=\"https:\/\/www.f4ctz.fr\/?page_id=428&aid=518&sa=1\" >F4CTZTracker - Commande Puissance - BOTTOM<\/a> (3032 clics)\r\n\t<br \/>\r\n\t<strong>L&eacute;gende<\/strong>: \r\n\t<br \/>\r\n\t<strong>Nom du fichier<\/strong>: f4ctztracker-commande-puissance-bottom.pdf\r\n\t<br \/>\r\n\t<strong>Taille<\/strong>: 13 Ko\r\n<\/dd>\r\n<\/dl><dl class=\"attachments attachments-large\"><dt class=\"icon\">\r\n\t<a title=\"F4CTZTracker - Commande Puissance - Implantation\" href=\"https:\/\/www.f4ctz.fr\/?page_id=428&aid=519&sa=1\" >\r\n\t\t<img loading=\"lazy\" decoding=\"async\" src=\"https:\/\/www.f4ctz.fr\/wp-content\/plugins\/eg-attachments\/img\/flags\/file-ext\/pdf.png\" width=\"48\" height=\"48\"  alt=\"F4CTZTracker - Commande Puissance - Implantation\" \/>\r\n\t<\/a>\r\n<\/dt>\r\n<dd class=\"caption\">\r\n\t<strong>Titre<\/strong>: <a title=\"F4CTZTracker - Commande Puissance - Implantation\" href=\"https:\/\/www.f4ctz.fr\/?page_id=428&aid=519&sa=1\" >F4CTZTracker - Commande Puissance - Implantation<\/a> (2951 clics)\r\n\t<br \/>\r\n\t<strong>L&eacute;gende<\/strong>: \r\n\t<br \/>\r\n\t<strong>Nom du fichier<\/strong>: f4ctztracker-commande-puissance-implantation.pdf\r\n\t<br \/>\r\n\t<strong>Taille<\/strong>: 16 Ko\r\n<\/dd>\r\n<\/dl><dl class=\"attachments attachments-large\"><dt class=\"icon\">\r\n\t<a title=\"F4CTZTracker - Commande Puissance - TOP\" href=\"https:\/\/www.f4ctz.fr\/?page_id=428&aid=513&sa=1\" >\r\n\t\t<img loading=\"lazy\" decoding=\"async\" src=\"https:\/\/www.f4ctz.fr\/wp-content\/plugins\/eg-attachments\/img\/flags\/file-ext\/pdf.png\" width=\"48\" height=\"48\"  alt=\"F4CTZTracker - Commande Puissance - TOP\" \/>\r\n\t<\/a>\r\n<\/dt>\r\n<dd class=\"caption\">\r\n\t<strong>Titre<\/strong>: <a title=\"F4CTZTracker - Commande Puissance - TOP\" href=\"https:\/\/www.f4ctz.fr\/?page_id=428&aid=513&sa=1\" >F4CTZTracker - Commande Puissance - TOP<\/a> (3369 clics)\r\n\t<br \/>\r\n\t<strong>L&eacute;gende<\/strong>: \r\n\t<br \/>\r\n\t<strong>Nom du fichier<\/strong>: f4ctztracker-commande-puissance-top.pdf\r\n\t<br \/>\r\n\t<strong>Taille<\/strong>: 13 Ko\r\n<\/dd>\r\n<\/dl><p><\/p><\/div><\/p>\n<p style=\"text-align: justify;\"><div class=\"attachments\"><h4>Contr\u00f4le affichage<\/h4><dl class=\"attachments attachments-large\"><dt class=\"icon\">\r\n\t<a title=\"F4CTZTracker - Controle affichage - BOTTOM\" href=\"https:\/\/www.f4ctz.fr\/?page_id=428&aid=514&sa=1\" >\r\n\t\t<img loading=\"lazy\" decoding=\"async\" src=\"https:\/\/www.f4ctz.fr\/wp-content\/plugins\/eg-attachments\/img\/flags\/file-ext\/pdf.png\" width=\"48\" height=\"48\"  alt=\"F4CTZTracker - Controle affichage - BOTTOM\" \/>\r\n\t<\/a>\r\n<\/dt>\r\n<dd class=\"caption\">\r\n\t<strong>Titre<\/strong>: <a title=\"F4CTZTracker - Controle affichage - BOTTOM\" href=\"https:\/\/www.f4ctz.fr\/?page_id=428&aid=514&sa=1\" >F4CTZTracker - Controle affichage - BOTTOM<\/a> (3108 clics)\r\n\t<br \/>\r\n\t<strong>L&eacute;gende<\/strong>: \r\n\t<br \/>\r\n\t<strong>Nom du fichier<\/strong>: f4ctztracker-controle-affichage-bottom.pdf\r\n\t<br \/>\r\n\t<strong>Taille<\/strong>: 16 Ko\r\n<\/dd>\r\n<\/dl><dl class=\"attachments attachments-large\"><dt class=\"icon\">\r\n\t<a title=\"F4CTZTracker - Controle affichage - Implantation\" href=\"https:\/\/www.f4ctz.fr\/?page_id=428&aid=515&sa=1\" >\r\n\t\t<img loading=\"lazy\" decoding=\"async\" src=\"https:\/\/www.f4ctz.fr\/wp-content\/plugins\/eg-attachments\/img\/flags\/file-ext\/pdf.png\" width=\"48\" height=\"48\"  alt=\"F4CTZTracker - Controle affichage - Implantation\" \/>\r\n\t<\/a>\r\n<\/dt>\r\n<dd class=\"caption\">\r\n\t<strong>Titre<\/strong>: <a title=\"F4CTZTracker - Controle affichage - Implantation\" href=\"https:\/\/www.f4ctz.fr\/?page_id=428&aid=515&sa=1\" >F4CTZTracker - Controle affichage - Implantation<\/a> (3111 clics)\r\n\t<br \/>\r\n\t<strong>L&eacute;gende<\/strong>: \r\n\t<br \/>\r\n\t<strong>Nom du fichier<\/strong>: f4ctztracker-controle-affichage-implantation.pdf\r\n\t<br \/>\r\n\t<strong>Taille<\/strong>: 18 Ko\r\n<\/dd>\r\n<\/dl><dl class=\"attachments attachments-large\"><dt class=\"icon\">\r\n\t<a title=\"F4CTZTracker - Controle affichage - TOP\" href=\"https:\/\/www.f4ctz.fr\/?page_id=428&aid=517&sa=1\" >\r\n\t\t<img loading=\"lazy\" decoding=\"async\" src=\"https:\/\/www.f4ctz.fr\/wp-content\/plugins\/eg-attachments\/img\/flags\/file-ext\/pdf.png\" width=\"48\" height=\"48\"  alt=\"F4CTZTracker - Controle affichage - TOP\" \/>\r\n\t<\/a>\r\n<\/dt>\r\n<dd class=\"caption\">\r\n\t<strong>Titre<\/strong>: <a title=\"F4CTZTracker - Controle affichage - TOP\" href=\"https:\/\/www.f4ctz.fr\/?page_id=428&aid=517&sa=1\" >F4CTZTracker - Controle affichage - TOP<\/a> (3240 clics)\r\n\t<br \/>\r\n\t<strong>L&eacute;gende<\/strong>: \r\n\t<br \/>\r\n\t<strong>Nom du fichier<\/strong>: f4ctztracker-controle-affichage-top.pdf\r\n\t<br \/>\r\n\t<strong>Taille<\/strong>: 14 Ko\r\n<\/dd>\r\n<\/dl><p><\/p><\/div><\/p>\n<h2 style=\"text-align: justify;\">Nomenclature<\/h2>\n<h2 style=\"text-align: justify;\">Codes sources microcontr\u00f4leur<\/h2>\n<p style=\"text-align: justify;\">\u00a0<div class=\"attachments\"><dl class=\"attachments attachments-large\"><dt class=\"icon\">\r\n\t<a title=\"F4CTZTrackerV1.61 \u2013 Fichier HEX PIC18F\" href=\"https:\/\/www.f4ctz.fr\/?page_id=428&aid=1327&sa=1\" >\r\n\t\t<img loading=\"lazy\" decoding=\"async\" src=\"https:\/\/www.f4ctz.fr\/wp-content\/plugins\/eg-attachments\/img\/flags\/archive.png\" width=\"48\" height=\"48\"  alt=\"F4CTZTrackerV1.61 \u2013 Fichier HEX PIC18F\" \/>\r\n\t<\/a>\r\n<\/dt>\r\n<dd class=\"caption\">\r\n\t<strong>Titre<\/strong>: <a title=\"F4CTZTrackerV1.61 \u2013 Fichier HEX PIC18F\" href=\"https:\/\/www.f4ctz.fr\/?page_id=428&aid=1327&sa=1\" >F4CTZTrackerV1.61 \u2013 Fichier HEX PIC18F<\/a> (3098 clics)\r\n\t<br \/>\r\n\t<strong>L&eacute;gende<\/strong>: \r\n\t<br \/>\r\n\t<strong>Nom du fichier<\/strong>: f4ctztracker_v1-61.rar\r\n\t<br \/>\r\n\t<strong>Taille<\/strong>: 78 Ko\r\n<\/dd>\r\n<\/dl><dl class=\"attachments attachments-large\"><dt class=\"icon\">\r\n\t<a title=\"F4CTZTrackerV1.61 \u2013 Source PIC18F\" href=\"https:\/\/www.f4ctz.fr\/?page_id=428&aid=1329&sa=1\" >\r\n\t\t<img loading=\"lazy\" decoding=\"async\" src=\"https:\/\/www.f4ctz.fr\/wp-content\/plugins\/eg-attachments\/img\/flags\/archive.png\" width=\"48\" height=\"48\"  alt=\"F4CTZTrackerV1.61 \u2013 Source PIC18F\" \/>\r\n\t<\/a>\r\n<\/dt>\r\n<dd class=\"caption\">\r\n\t<strong>Titre<\/strong>: <a title=\"F4CTZTrackerV1.61 \u2013 Source PIC18F\" href=\"https:\/\/www.f4ctz.fr\/?page_id=428&aid=1329&sa=1\" >F4CTZTrackerV1.61 \u2013 Source PIC18F<\/a> (4574 clics)\r\n\t<br \/>\r\n\t<strong>L&eacute;gende<\/strong>: \r\n\t<br \/>\r\n\t<strong>Nom du fichier<\/strong>: sources_f4ctztracker_v1-61.rar\r\n\t<br \/>\r\n\t<strong>Taille<\/strong>: 2 Mo\r\n<\/dd>\r\n<\/dl><p><\/p><\/div><\/p>\n<h2 style=\"text-align: justify;\">Codes sources et application de chargement des KEPS sur PC<\/h2>\n<p style=\"text-align: justify;\">\u00a0\u00a0<div class=\"attachments\"><dl class=\"attachments attachments-large\"><dt class=\"icon\">\r\n\t<a title=\"F4CTZTracker KepsLoader v1.1 Executable\" href=\"https:\/\/www.f4ctz.fr\/?page_id=428&aid=1330&sa=1\" >\r\n\t\t<img loading=\"lazy\" decoding=\"async\" src=\"https:\/\/www.f4ctz.fr\/wp-content\/plugins\/eg-attachments\/img\/flags\/archive.png\" width=\"48\" height=\"48\"  alt=\"F4CTZTracker KepsLoader v1.1 Executable\" \/>\r\n\t<\/a>\r\n<\/dt>\r\n<dd class=\"caption\">\r\n\t<strong>Titre<\/strong>: <a title=\"F4CTZTracker KepsLoader v1.1 Executable\" href=\"https:\/\/www.f4ctz.fr\/?page_id=428&aid=1330&sa=1\" >F4CTZTracker KepsLoader v1.1 Executable<\/a> (5893 clics)\r\n\t<br \/>\r\n\t<strong>L&eacute;gende<\/strong>: \r\n\t<br \/>\r\n\t<strong>Nom du fichier<\/strong>: f4ctztracker_kepsloader_v1-1.rar\r\n\t<br \/>\r\n\t<strong>Taille<\/strong>: 6 Mo\r\n<\/dd>\r\n<\/dl><dl class=\"attachments attachments-large\"><dt class=\"icon\">\r\n\t<a title=\"F4CTZTracker KepsLoader v1.1 Sources\" href=\"https:\/\/www.f4ctz.fr\/?page_id=428&aid=1328&sa=1\" >\r\n\t\t<img loading=\"lazy\" decoding=\"async\" src=\"https:\/\/www.f4ctz.fr\/wp-content\/plugins\/eg-attachments\/img\/flags\/archive.png\" width=\"48\" height=\"48\"  alt=\"F4CTZTracker KepsLoader v1.1 Sources\" \/>\r\n\t<\/a>\r\n<\/dt>\r\n<dd class=\"caption\">\r\n\t<strong>Titre<\/strong>: <a title=\"F4CTZTracker KepsLoader v1.1 Sources\" href=\"https:\/\/www.f4ctz.fr\/?page_id=428&aid=1328&sa=1\" >F4CTZTracker KepsLoader v1.1 Sources<\/a> (3141 clics)\r\n\t<br \/>\r\n\t<strong>L&eacute;gende<\/strong>: \r\n\t<br \/>\r\n\t<strong>Nom du fichier<\/strong>: sources_f4ctztracker_kepsloader_v1-1.rar\r\n\t<br \/>\r\n\t<strong>Taille<\/strong>: 10 Mo\r\n<\/dd>\r\n<\/dl><p><\/p><\/div><\/p>\n<p><\/p>","protected":false},"excerpt":{"rendered":"<p>Description Apr\u00e8s la r\u00e9alisation de multiples versions d&rsquo;un logiciel de poursuite de satellite et la recherche dans la multitude de logiciel existant (InstantTrack, Nova, Orbitron, etc.) en 10ans, je n&rsquo;en ai jamais trouv\u00e9 un qui me convienne compl\u00e8tement. En effet, toutes les solutions de commande d&rsquo;antennes existantes ou que j&rsquo;ai pu imagin\u00e9 sur PC pr\u00e9sentait [&hellip;]<\/p>\n","protected":false},"author":1,"featured_media":0,"parent":316,"menu_order":0,"comment_status":"closed","ping_status":"closed","template":"","meta":{"footnotes":""},"categories":[],"tags":[136,157,160,155,131,161,128,129,163,162],"class_list":["post-428","page","type-page","status-publish","hentry","tag-montage","tag-projet","tag-projet-radioamateur","tag-radio","tag-radioamateur","tag-satellite","tag-schema","tag-schematic","tag-systeme-de-poursuite","tag-tracking"],"_links":{"self":[{"href":"https:\/\/www.f4ctz.fr\/index.php?rest_route=\/wp\/v2\/pages\/428","targetHints":{"allow":["GET"]}}],"collection":[{"href":"https:\/\/www.f4ctz.fr\/index.php?rest_route=\/wp\/v2\/pages"}],"about":[{"href":"https:\/\/www.f4ctz.fr\/index.php?rest_route=\/wp\/v2\/types\/page"}],"author":[{"embeddable":true,"href":"https:\/\/www.f4ctz.fr\/index.php?rest_route=\/wp\/v2\/users\/1"}],"replies":[{"embeddable":true,"href":"https:\/\/www.f4ctz.fr\/index.php?rest_route=%2Fwp%2Fv2%2Fcomments&post=428"}],"version-history":[{"count":0,"href":"https:\/\/www.f4ctz.fr\/index.php?rest_route=\/wp\/v2\/pages\/428\/revisions"}],"up":[{"embeddable":true,"href":"https:\/\/www.f4ctz.fr\/index.php?rest_route=\/wp\/v2\/pages\/316"}],"wp:attachment":[{"href":"https:\/\/www.f4ctz.fr\/index.php?rest_route=%2Fwp%2Fv2%2Fmedia&parent=428"}],"wp:term":[{"taxonomy":"category","embeddable":true,"href":"https:\/\/www.f4ctz.fr\/index.php?rest_route=%2Fwp%2Fv2%2Fcategories&post=428"},{"taxonomy":"post_tag","embeddable":true,"href":"https:\/\/www.f4ctz.fr\/index.php?rest_route=%2Fwp%2Fv2%2Ftags&post=428"}],"curies":[{"name":"wp","href":"https:\/\/api.w.org\/{rel}","templated":true}]}}