{"id":491,"date":"2012-07-20T13:33:12","date_gmt":"2012-07-20T13:33:12","guid":{"rendered":"http:\/\/www.f4ctz.fr\/?page_id=491"},"modified":"2012-09-10T16:13:07","modified_gmt":"2012-09-10T16:13:07","slug":"f4ctz-tracker-v2","status":"publish","type":"page","link":"https:\/\/www.f4ctz.fr\/?page_id=491","title":{"rendered":"F4CTZTracker V2"},"content":{"rendered":"<h2>Description<\/h2>\n<p>La version 2 du F4CTZTracker a pour but de reprendre les \u00e9l\u00e9ments de la version 1 en y am\u00e9liorant grandement l&rsquo;ergonomie d&rsquo;utilisation et la reproductibilit\u00e9 avec des moyens OM et un budget restreint.<\/p>\n<p>Afin de r\u00e9pondre au besoin d&rsquo;ergonomie et aillant dans mes tirroirs une dalle 10pouces TFT couleur 18bits, c&rsquo;est ce format d&rsquo;\u00e9cran qui a \u00e9t\u00e9 retenu. Le mod\u00e8le retenu est un NEC 640&#215;480 pixels que l&rsquo;on peut approvisionner sur Ebay pour environ 50\u20ac.<\/p>\n<p>Ensuite, pour exciter cet \u00e9cran une premi\u00e8re approche m&rsquo;a conduit \u00e0 envisager l&rsquo;utilisation d&rsquo;un PIC24FJ256DA210 de Microchip qui poss\u00e8de un contr\u00f4leur graphique int\u00e9gr\u00e9 et d&rsquo;une SRAM de 1Mo. Vous trouverez ci-dessous des photos et une vid\u00e9o du d\u00e9but du d\u00e9veloppement du menu de configuration.<\/p>\n<p>Cette option PIC24 + SRAM fonctionne et est assez fluide (aucun calcul de pr\u00e9diction int\u00e9gr\u00e9 pour l&rsquo;instant) mais d\u00e9j\u00e0 des obstacle se dressent en terme de prix et de facilit\u00e9 de reproduction avec des moyens OM. En effet, il faut r\u00e9aliser des pistes de 0,25mm avec une isolation \u00e0 0,25mm, le c\u00e2blage du PIC24 \u00e0 la RAM est un bus \u00e0 100MHz \u00e0 r\u00e9aliser en double couche, etc&#8230; La r\u00e9alisation de PCB prototype en 4 couches est envisageable \u00e0 un prix correct (environ 50\u20ac) mais si on y ajoute le prix de la SRAM, du PIC24 et de tous les composants n\u00e9cessaires, on peut dire que cette solution s&rsquo;\u00e9loigne beaucoup de l&rsquo;objectif initial.<\/p>\n<p>Une solution alternative est en cours de d\u00e9veloppement et sera pr\u00e9sent\u00e9e ult\u00e9rieurement.<\/p>\n<h2>Video<\/h2>\n<iframe loading=\"lazy\" title=\"F4CTZTracker V2 PIC24F\" width=\"500\" height=\"375\" src=\"https:\/\/www.youtube.com\/embed\/_XL9w2pVIbc?feature=oembed\" frameborder=\"0\" allow=\"accelerometer; autoplay; clipboard-write; encrypted-media; gyroscope; picture-in-picture; web-share\" referrerpolicy=\"strict-origin-when-cross-origin\" allowfullscreen><\/iframe>\n<h2>Photos<\/h2>\n<table style=\"width: 100%;\" border=\"0\" align=\"center\">\n<tbody>\n<tr>\n<td><img loading=\"lazy\" decoding=\"async\" class=\"aligncenter  wp-image-723\" title=\"F4CTZTracker V2 - photo1\" src=\"https:\/\/www.f4ctz.fr\/wp-content\/uploads\/IMG_0556-e1347289326701-1024x786.jpg\" alt=\"\" width=\"393\" height=\"302\" srcset=\"https:\/\/www.f4ctz.fr\/wp-content\/uploads\/IMG_0556-e1347289326701-1024x786.jpg 1024w, https:\/\/www.f4ctz.fr\/wp-content\/uploads\/IMG_0556-e1347289326701-300x230.jpg 300w, https:\/\/www.f4ctz.fr\/wp-content\/uploads\/IMG_0556-e1347289326701.jpg 1745w\" sizes=\"auto, (max-width: 393px) 100vw, 393px\" \/><\/td>\n<td><img loading=\"lazy\" decoding=\"async\" class=\"aligncenter  wp-image-724\" title=\"F4CTZTracker V2 - photo2\" src=\"https:\/\/www.f4ctz.fr\/wp-content\/uploads\/IMG_0573-1024x768.jpg\" alt=\"\" width=\"393\" height=\"295\" srcset=\"https:\/\/www.f4ctz.fr\/wp-content\/uploads\/IMG_0573-1024x768.jpg 1024w, https:\/\/www.f4ctz.fr\/wp-content\/uploads\/IMG_0573-300x225.jpg 300w, https:\/\/www.f4ctz.fr\/wp-content\/uploads\/IMG_0573.jpg 2048w\" sizes=\"auto, (max-width: 393px) 100vw, 393px\" \/><\/td>\n<\/tr>\n<tr>\n<td colspan=\"2\"><img loading=\"lazy\" decoding=\"async\" class=\"aligncenter  wp-image-725\" title=\"F4CTZTracker V2 - photo3\" src=\"https:\/\/www.f4ctz.fr\/wp-content\/uploads\/IMG_0574-1024x768.jpg\" alt=\"\" width=\"614\" height=\"461\" srcset=\"https:\/\/www.f4ctz.fr\/wp-content\/uploads\/IMG_0574-1024x768.jpg 1024w, https:\/\/www.f4ctz.fr\/wp-content\/uploads\/IMG_0574-300x225.jpg 300w, https:\/\/www.f4ctz.fr\/wp-content\/uploads\/IMG_0574.jpg 2048w\" sizes=\"auto, (max-width: 614px) 100vw, 614px\" \/><\/td>\n<\/tr>\n<\/tbody>\n<\/table>\n","protected":false},"excerpt":{"rendered":"<p>Description La version 2 du F4CTZTracker a pour but de reprendre les \u00e9l\u00e9ments de la version 1 en y am\u00e9liorant grandement l&rsquo;ergonomie d&rsquo;utilisation et la reproductibilit\u00e9 avec des moyens OM et un budget restreint. Afin de r\u00e9pondre au besoin d&rsquo;ergonomie et aillant dans mes tirroirs une dalle 10pouces TFT couleur 18bits, c&rsquo;est ce format d&rsquo;\u00e9cran [&hellip;]<\/p>\n","protected":false},"author":1,"featured_media":0,"parent":316,"menu_order":0,"comment_status":"closed","ping_status":"closed","template":"","meta":{"footnotes":""},"categories":[],"tags":[145,136,140,157,160,155,131,161,128,129,163,208,162],"class_list":["post-491","page","type-page","status-publish","hentry","tag-afficheur","tag-montage","tag-pic24f","tag-projet","tag-projet-radioamateur","tag-radio","tag-radioamateur","tag-satellite","tag-schema","tag-schematic","tag-systeme-de-poursuite","tag-tft","tag-tracking"],"_links":{"self":[{"href":"https:\/\/www.f4ctz.fr\/index.php?rest_route=\/wp\/v2\/pages\/491","targetHints":{"allow":["GET"]}}],"collection":[{"href":"https:\/\/www.f4ctz.fr\/index.php?rest_route=\/wp\/v2\/pages"}],"about":[{"href":"https:\/\/www.f4ctz.fr\/index.php?rest_route=\/wp\/v2\/types\/page"}],"author":[{"embeddable":true,"href":"https:\/\/www.f4ctz.fr\/index.php?rest_route=\/wp\/v2\/users\/1"}],"replies":[{"embeddable":true,"href":"https:\/\/www.f4ctz.fr\/index.php?rest_route=%2Fwp%2Fv2%2Fcomments&post=491"}],"version-history":[{"count":0,"href":"https:\/\/www.f4ctz.fr\/index.php?rest_route=\/wp\/v2\/pages\/491\/revisions"}],"up":[{"embeddable":true,"href":"https:\/\/www.f4ctz.fr\/index.php?rest_route=\/wp\/v2\/pages\/316"}],"wp:attachment":[{"href":"https:\/\/www.f4ctz.fr\/index.php?rest_route=%2Fwp%2Fv2%2Fmedia&parent=491"}],"wp:term":[{"taxonomy":"category","embeddable":true,"href":"https:\/\/www.f4ctz.fr\/index.php?rest_route=%2Fwp%2Fv2%2Fcategories&post=491"},{"taxonomy":"post_tag","embeddable":true,"href":"https:\/\/www.f4ctz.fr\/index.php?rest_route=%2Fwp%2Fv2%2Ftags&post=491"}],"curies":[{"name":"wp","href":"https:\/\/api.w.org\/{rel}","templated":true}]}}