{"id":692,"date":"2012-09-10T14:37:39","date_gmt":"2012-09-10T14:37:39","guid":{"rendered":"http:\/\/www.f4ctz.fr\/?page_id=692"},"modified":"2016-06-14T17:10:39","modified_gmt":"2016-06-14T15:10:39","slug":"afficheur-gps-nmea-v2","status":"publish","type":"page","link":"https:\/\/www.f4ctz.fr\/?page_id=692","title":{"rendered":"Afficheur GPS V2"},"content":{"rendered":"<p><\/p>\n<h2 style=\"text-align: justify;\">Description<\/h2>\n<p style=\"text-align: justify;\">Comme dans la <a href=\"https:\/\/www.f4ctz.fr\/?page_id=586\">version pr\u00e9c\u00e9dente<\/a>, ce montage permet d&rsquo;afficher certains param\u00e8tres contenus dans des trames issues d&rsquo;un GPS sur un afficheur LCD graphique de taille 122&#215;32 pixels. Comme sur la <a href=\"https:\/\/www.f4ctz.fr\/?page_id=586\">version 1<\/a>, les param\u00e8tres qui y sont affich\u00e9s sont les suivants :<\/p>\n<ul style=\"list-style-type: disc; text-align: justify;\">\n<li>Reconnaissance des trames RMC, GGA et GSA issues des GPS \u00e0 la norme NMEA0183.<\/li>\n<li>Reconnaissance des trames 0x8F-AB et 0x8F-AC issues des GPS Trimble utilisant le protocole TSIP (Thunderbolt, etc.)<\/li>\n<li>Date et heure UTC.<\/li>\n<li>Longitude, latitude, altitude.<\/li>\n<li>Nombre de satellites re\u00e7us, PDOP.<\/li>\n<\/ul>\n<p style=\"text-align: justify;\">Cette 2e version permet maintenant de visualiser les informations suivantes :<\/p>\n<ul style=\"list-style-type: disc; text-align: justify;\">\n<li>VDOP, HDOP.<\/li>\n<li>QRA Locator \u00e9tendu.<\/li>\n<li>Site et Azimuth du Soleil.<\/li>\n<li>Site et Azimuth de la Lune.<\/li>\n<\/ul>\n<p style=\"text-align: justify;\">Voici les nouvelles fonctionnalit\u00e9s qui ont aussi \u00e9t\u00e9 ajout\u00e9es en plus de celles concernant l&rsquo;affichage en lui-m\u00eame :<\/p>\n<ul style=\"list-style-type: disc; text-align: justify;\">\n<li>Affichage du GPS FIX sur une LED qui est allum\u00e9e si celui-ci est \u00e9gal \u00e0 3 (correspond \u00e0 un FIX 3D).<\/li>\n<li>Un bouton de s\u00e9lection de l&rsquo;affichage : une pression de quelques dixi\u00e8mes de seconde permet de passer d&rsquo;un affichage \u00e0 l&rsquo;autre : Coordonn\u00e9es GPS -&gt; QRA Locator + Altitude -&gt;Site et Azimuth du Soleil -&gt; Site et Azimuth de la Lune.<\/li>\n<li>Choix de la vitesse de communication du GPS entre 4800 (RC0 = 0, RC1 = 0), 9600 (RC0 = 1, RC1 = 0), 19200 (RC0 = 0, RC1 = 1) et 38400bauds (RC0 = 1, RC1 = 1).<\/li>\n<li>Emission des informations de pointage d&rsquo;antenne (site et azimuth) du Soleil et de la Lune en RS232 au format EASYCOMM2. L&rsquo;\u00e9mission des trames a lieu pour chaque astre quand on visualise \u00e0 l&rsquo;\u00e9cran les informations correspondantes et seulement si l&rsquo;\u00e9l\u00e9vation est sup\u00e9rieure \u00e0 0\u00b0.<\/li>\n<\/ul>\n<p style=\"text-align: justify;\">Le montage est bas\u00e9 sur un PIC18F2620 qui re\u00e7oit les trames du GPS sur un port UART et affiche leur contenu sur un \u00e9cran LCD graphique de 122&#215;32 pixels pilot\u00e9 par un protocole compatible avec les contr\u00f4leurs graphiques SED1520.<\/p>\n<p style=\"text-align: justify;\">Le code source est \u00e9crit pour le compilateur C18 de Microchip. Je ne fournis pas les projets MPLAB mais les fichiers peuvent tr\u00e8s facilement \u00eatre r\u00e9int\u00e9gr\u00e9s dans un nouveau projet car il n&rsquo;y a pas de configuration particuli\u00e8re du compilateur.<\/p>\n<p style=\"text-align: justify;\">Pour information, la m\u00e9thode de calcul de l&rsquo;orientation du Soleil et de la Lune est issue du site suivant : <a href=\"http:\/\/www.stjarnhimlen.se\/comp\/tutorial.html\">http:\/\/www.stjarnhimlen.se\/comp\/tutorial.html<\/a>.<\/p>\n<p style=\"text-align: justify;\">Le sch\u00e9ma et le routage ont \u00e9t\u00e9 r\u00e9alis\u00e9 avec Cadsoft Eagle 6.2.<\/p>\n<h2 style=\"text-align: justify;\">Anomalies et corrections<\/h2>\n<ul style=\"list-style-type: square;\">\n<li>\n<h4><span style=\"text-decoration: underline;\">29 Ao\u00fbt 2014<br \/>\n<\/span><\/h4>\n<\/li>\n<\/ul>\n<p>La version 2.2 initialement mise en ligne comportait deux bugs qui apparaissaient lors de l&rsquo;utilisation de l&rsquo;afficheur avec une GPS Thunderbolt (Merci Christophe ON4IY) :<\/p>\n<ul style=\"list-style-type: disc; text-align: justify;\">\n<li>Une fois le FIX GPS acquis la LED s&rsquo;allume mais ne s&rsquo;\u00e9teignait jamais en cas de perte de celui-ci.<\/li>\n<li>Probl\u00e8me d&rsquo;interpr\u00e9tation des champs horaires issus du Thunderbolt provoquant un d\u00e9calage de l&rsquo;heure (\u00e9cart entre heure UTC et heure GPS) ou l&rsquo;apparition des caract\u00e8res \u00ab\u00a0OF\u00a0\u00bb dans le champ des minutes.<\/li>\n<\/ul>\n<p>Ces bugs sont totalement r\u00e9solus par la version 2.21. Il est donc fortement recommand\u00e9 aux utilisateurs de cet afficheur avec un Thunderbolt d&rsquo;effectuer la mise \u00e0 jour. Ces bugs n&rsquo;affectant pas l&rsquo;utilisation de l&rsquo;afficheur avec un GPS NMEA, la mise \u00e0 jour n&rsquo;a pas d&rsquo;int\u00e9r\u00eat particulier.<\/p>\n<ul style=\"list-style-type: square;\">\n<li>\n<h4><span style=\"text-decoration: underline;\">24 Janvier 2016<\/span><\/h4>\n<\/li>\n<\/ul>\n<p>F1RMB, Daniel, m&rsquo;a remont\u00e9 un bug concernant l&rsquo;affichage des coordonn\u00e9es n\u00e9gatives et je l&rsquo;en remercie. La nouvelle version disponible incluant son patch est la 2.22.<\/p>\n<ul style=\"list-style-type: square;\">\n<li>\n<h4><span style=\"text-decoration: underline;\">14 Mai 2016<\/span><\/h4>\n<\/li>\n<\/ul>\n<p>Suite \u00e0 plusieurs demandes d&rsquo;un forum transmis par Daniel F1RMB, j&rsquo;ai int\u00e9gr\u00e9 un patch qu&rsquo;il m&rsquo;a transmis pour g\u00e9rer les GPS ne transmettant pas le checksum dans leurs trames NMEA (certain FURUNO sont dans ce cas). La nouvelle version disponible incluant ce patch ainsi que la gestion transparente des trames d&rsquo;entr\u00e9e est la 2.23.<\/p>\n<h2 style=\"text-align: justify;\">Vid\u00e9o<\/h2>\n<p style=\"text-align: justify;\"><iframe loading=\"lazy\" title=\"GPS NMEA Display\" width=\"500\" height=\"375\" src=\"https:\/\/www.youtube.com\/embed\/RSilPCcyM8M?feature=oembed\" frameborder=\"0\" allow=\"accelerometer; autoplay; clipboard-write; encrypted-media; gyroscope; picture-in-picture; web-share\" referrerpolicy=\"strict-origin-when-cross-origin\" allowfullscreen><\/iframe><\/p>\n<h2>Fichiers Cadsoft EAGLE<\/h2>\n<div class=\"attachments\"><dl class=\"attachments attachments-large\"><dt class=\"icon\">\r\n\t<a title=\"Afficheur GPS PCB Eagle\" href=\"https:\/\/www.f4ctz.fr\/?page_id=692&aid=1100&sa=1\" >\r\n\t\t<img loading=\"lazy\" decoding=\"async\" src=\"https:\/\/www.f4ctz.fr\/wp-content\/plugins\/eg-attachments\/img\/flags\/archive.png\" width=\"48\" height=\"48\"  alt=\"Afficheur GPS PCB Eagle\" \/>\r\n\t<\/a>\r\n<\/dt>\r\n<dd class=\"caption\">\r\n\t<strong>Titre<\/strong>: <a title=\"Afficheur GPS PCB Eagle\" href=\"https:\/\/www.f4ctz.fr\/?page_id=692&aid=1100&sa=1\" >Afficheur GPS PCB Eagle<\/a> (2102 clics)\r\n\t<br \/>\r\n\t<strong>L&eacute;gende<\/strong>: \r\n\t<br \/>\r\n\t<strong>Nom du fichier<\/strong>: afficheur_gps_pcb_eagle.rar\r\n\t<br \/>\r\n\t<strong>Taille<\/strong>: 69 Ko\r\n<\/dd>\r\n<\/dl><p><\/p><\/div>\n<h2>Nomenclature<\/h2>\n<table id=\"Nomenclature\">\n<thead>\n<tr>\n<td>Part<\/td>\n<td>Value<\/td>\n<td>Package<\/td>\n<td>Description<\/td>\n<td>FARNELL<\/td>\n<td>Radiospare<\/td>\n<\/tr>\n<\/thead>\n<tbody>\n<tr>\n<td>C1,C5<\/td>\n<td>10nF<\/td>\n<td>0603<\/td>\n<td>Condensateurs c\u00e9ramiques<\/td>\n<td>1759022<\/td>\n<td><\/td>\n<\/tr>\n<tr>\n<td>C2,C6<\/td>\n<td>22uF<\/td>\n<td>1206<\/td>\n<td>Condensateurs c\u00e9ramiques<\/td>\n<td>2113076<\/td>\n<td><\/td>\n<\/tr>\n<tr>\n<td>C3,C4<\/td>\n<td>100nF<\/td>\n<td>0603<\/td>\n<td>Condensateurs c\u00e9ramiques<\/td>\n<td>1759122<\/td>\n<td><\/td>\n<\/tr>\n<tr>\n<td>D1<\/td>\n<td><\/td>\n<td>0805<\/td>\n<td>LED Rouge<\/td>\n<td>1581239<\/td>\n<td><\/td>\n<\/tr>\n<tr>\n<td>J1<\/td>\n<td>NC<\/td>\n<td><\/td>\n<td>Souder directement des fils<\/td>\n<td><\/td>\n<td><\/td>\n<\/tr>\n<tr>\n<td>J2<\/td>\n<td>NC<\/td>\n<td><\/td>\n<td>ICSP, brochage compatible PicKit3<\/td>\n<td><\/td>\n<td><\/td>\n<\/tr>\n<tr>\n<td>R1,R3,R5,R6,R9<\/td>\n<td>10k<\/td>\n<td>0603<\/td>\n<td>R\u00e9sistances<\/td>\n<td>2073349<\/td>\n<td><\/td>\n<\/tr>\n<tr>\n<td>R4<\/td>\n<td>10k<\/td>\n<td><\/td>\n<td>Trimmer<\/td>\n<td>1689863<\/td>\n<td><\/td>\n<\/tr>\n<tr>\n<td>R2<\/td>\n<td>4.7k<\/td>\n<td>0603<\/td>\n<td>R\u00e9sistances<\/td>\n<td>2059619<\/td>\n<td><\/td>\n<\/tr>\n<tr>\n<td>R7<\/td>\n<td>820<\/td>\n<td>0603<\/td>\n<td>R\u00e9sistances<\/td>\n<td>2059598<\/td>\n<td><\/td>\n<\/tr>\n<tr>\n<td>R8<\/td>\n<td>27<\/td>\n<td>2012<\/td>\n<td>R\u00e9sistances<\/td>\n<td>1670394<\/td>\n<td><\/td>\n<\/tr>\n<tr>\n<td>S1<\/td>\n<td><\/td>\n<td><\/td>\n<td>DIP Switch Series 219 CMS (optionnel : peut \u00eatre remplac\u00e9 par des r\u00e9sistances 0ohm)<\/td>\n<td>1524005<\/td>\n<td><\/td>\n<\/tr>\n<tr>\n<td>S2<\/td>\n<td><\/td>\n<td>B3F-10XX<\/td>\n<td>Bouton poussoir<\/td>\n<td>176432<\/td>\n<td><\/td>\n<\/tr>\n<tr>\n<td>T1<\/td>\n<td>MMBT2222<\/td>\n<td>SOT23-BEC<\/td>\n<td>Transistror NPN<\/td>\n<td>1653622<\/td>\n<td><\/td>\n<\/tr>\n<tr>\n<td>U1<\/td>\n<td>PIC18F2620-I\/SO<\/td>\n<td>SO-28W<\/td>\n<td>Microchip Microcontrolleur FLASH<\/td>\n<td>1212697<\/td>\n<td><\/td>\n<\/tr>\n<tr>\n<td>U3<\/td>\n<td>32122A-BC-BC<\/td>\n<td><\/td>\n<td>Afficheur LCD 122&#215;32 pixels<\/td>\n<td><\/td>\n<td>\u00a0532-6975<\/td>\n<\/tr>\n<tr>\n<td>U3Connecteur<\/td>\n<td>1-84981-8<\/td>\n<td><\/td>\n<td>Connecteur FFC\/FPC 1mm 18 points<\/td>\n<td>1816423<\/td>\n<td><\/td>\n<\/tr>\n<\/tbody>\n<\/table>\n<h2 style=\"text-align: justify;\">Sch\u00e9ma<\/h2>\n<p style=\"text-align: justify;\"><div class=\"attachments\"><dl class=\"attachments attachments-large\"><dt class=\"icon\">\r\n\t<a title=\"Afficheur GPS Schema\" href=\"https:\/\/www.f4ctz.fr\/?page_id=692&aid=1103&sa=1\" >\r\n\t\t<img loading=\"lazy\" decoding=\"async\" src=\"https:\/\/www.f4ctz.fr\/wp-content\/plugins\/eg-attachments\/img\/flags\/file-ext\/pdf.png\" width=\"48\" height=\"48\"  alt=\"Afficheur GPS Schema\" \/>\r\n\t<\/a>\r\n<\/dt>\r\n<dd class=\"caption\">\r\n\t<strong>Titre<\/strong>: <a title=\"Afficheur GPS Schema\" href=\"https:\/\/www.f4ctz.fr\/?page_id=692&aid=1103&sa=1\" >Afficheur GPS Schema<\/a> (2996 clics)\r\n\t<br \/>\r\n\t<strong>L&eacute;gende<\/strong>: \r\n\t<br \/>\r\n\t<strong>Nom du fichier<\/strong>: afficheur_gps_schema.pdf\r\n\t<br \/>\r\n\t<strong>Taille<\/strong>: 20 Ko\r\n<\/dd>\r\n<\/dl><p><\/p><\/div><\/p>\n<h2>Routage<\/h2>\n<div class=\"attachments\"><dl class=\"attachments attachments-large\"><dt class=\"icon\">\r\n\t<a title=\"Afficheur GPS imp BOTTOM\" href=\"https:\/\/www.f4ctz.fr\/?page_id=692&aid=1106&sa=1\" >\r\n\t\t<img loading=\"lazy\" decoding=\"async\" src=\"https:\/\/www.f4ctz.fr\/wp-content\/plugins\/eg-attachments\/img\/flags\/file-ext\/pdf.png\" width=\"48\" height=\"48\"  alt=\"Afficheur GPS imp BOTTOM\" \/>\r\n\t<\/a>\r\n<\/dt>\r\n<dd class=\"caption\">\r\n\t<strong>Titre<\/strong>: <a title=\"Afficheur GPS imp BOTTOM\" href=\"https:\/\/www.f4ctz.fr\/?page_id=692&aid=1106&sa=1\" >Afficheur GPS imp BOTTOM<\/a> (2127 clics)\r\n\t<br \/>\r\n\t<strong>L&eacute;gende<\/strong>: \r\n\t<br \/>\r\n\t<strong>Nom du fichier<\/strong>: afficheur_gps_imp_bottom.pdf\r\n\t<br \/>\r\n\t<strong>Taille<\/strong>: 7 Ko\r\n<\/dd>\r\n<\/dl><dl class=\"attachments attachments-large\"><dt class=\"icon\">\r\n\t<a title=\"Afficheur GPS imp TOP\" href=\"https:\/\/www.f4ctz.fr\/?page_id=692&aid=1107&sa=1\" >\r\n\t\t<img loading=\"lazy\" decoding=\"async\" src=\"https:\/\/www.f4ctz.fr\/wp-content\/plugins\/eg-attachments\/img\/flags\/file-ext\/pdf.png\" width=\"48\" height=\"48\"  alt=\"Afficheur GPS imp TOP\" \/>\r\n\t<\/a>\r\n<\/dt>\r\n<dd class=\"caption\">\r\n\t<strong>Titre<\/strong>: <a title=\"Afficheur GPS imp TOP\" href=\"https:\/\/www.f4ctz.fr\/?page_id=692&aid=1107&sa=1\" >Afficheur GPS imp TOP<\/a> (2165 clics)\r\n\t<br \/>\r\n\t<strong>L&eacute;gende<\/strong>: \r\n\t<br \/>\r\n\t<strong>Nom du fichier<\/strong>: afficheur_gps_imp_top.pdf\r\n\t<br \/>\r\n\t<strong>Taille<\/strong>: 9 Ko\r\n<\/dd>\r\n<\/dl><dl class=\"attachments attachments-large\"><dt class=\"icon\">\r\n\t<a title=\"Afficheur GPS PCB\" href=\"https:\/\/www.f4ctz.fr\/?page_id=692&aid=1108&sa=1\" >\r\n\t\t<img loading=\"lazy\" decoding=\"async\" src=\"https:\/\/www.f4ctz.fr\/wp-content\/plugins\/eg-attachments\/img\/flags\/file-ext\/pdf.png\" width=\"48\" height=\"48\"  alt=\"Afficheur GPS PCB\" \/>\r\n\t<\/a>\r\n<\/dt>\r\n<dd class=\"caption\">\r\n\t<strong>Titre<\/strong>: <a title=\"Afficheur GPS PCB\" href=\"https:\/\/www.f4ctz.fr\/?page_id=692&aid=1108&sa=1\" >Afficheur GPS PCB<\/a> (2242 clics)\r\n\t<br \/>\r\n\t<strong>L&eacute;gende<\/strong>: \r\n\t<br \/>\r\n\t<strong>Nom du fichier<\/strong>: afficheur_gps_pcb.pdf\r\n\t<br \/>\r\n\t<strong>Taille<\/strong>: 32 Ko\r\n<\/dd>\r\n<\/dl><p><\/p><\/div>\n<h2 style=\"text-align: justify;\">Code source et HEX<\/h2>\n<p style=\"text-align: justify;\"><div class=\"attachments\"><dl class=\"attachments attachments-large\"><dt class=\"icon\">\r\n\t<a title=\"Afficheur-GPS-V2.23-HEX\" href=\"https:\/\/www.f4ctz.fr\/?page_id=692&aid=1347&sa=1\" >\r\n\t\t<img loading=\"lazy\" decoding=\"async\" src=\"https:\/\/www.f4ctz.fr\/wp-content\/plugins\/eg-attachments\/img\/flags\/archive.png\" width=\"48\" height=\"48\"  alt=\"Afficheur-GPS-V2.23-HEX\" \/>\r\n\t<\/a>\r\n<\/dt>\r\n<dd class=\"caption\">\r\n\t<strong>Titre<\/strong>: <a title=\"Afficheur-GPS-V2.23-HEX\" href=\"https:\/\/www.f4ctz.fr\/?page_id=692&aid=1347&sa=1\" >Afficheur-GPS-V2.23-HEX<\/a> (2104 clics)\r\n\t<br \/>\r\n\t<strong>L&eacute;gende<\/strong>: \r\n\t<br \/>\r\n\t<strong>Nom du fichier<\/strong>: afficheur-gps-v2-23-hex.rar\r\n\t<br \/>\r\n\t<strong>Taille<\/strong>: 30 Ko\r\n<\/dd>\r\n<\/dl><dl class=\"attachments attachments-large\"><dt class=\"icon\">\r\n\t<a title=\"Afficheur-GPS-V2.23-Source\" href=\"https:\/\/www.f4ctz.fr\/?page_id=692&aid=1348&sa=1\" >\r\n\t\t<img loading=\"lazy\" decoding=\"async\" src=\"https:\/\/www.f4ctz.fr\/wp-content\/plugins\/eg-attachments\/img\/flags\/archive.png\" width=\"48\" height=\"48\"  alt=\"Afficheur-GPS-V2.23-Source\" \/>\r\n\t<\/a>\r\n<\/dt>\r\n<dd class=\"caption\">\r\n\t<strong>Titre<\/strong>: <a title=\"Afficheur-GPS-V2.23-Source\" href=\"https:\/\/www.f4ctz.fr\/?page_id=692&aid=1348&sa=1\" >Afficheur-GPS-V2.23-Source<\/a> (2463 clics)\r\n\t<br \/>\r\n\t<strong>L&eacute;gende<\/strong>: \r\n\t<br \/>\r\n\t<strong>Nom du fichier<\/strong>: afficheur-gps-v2-23-source.rar\r\n\t<br \/>\r\n\t<strong>Taille<\/strong>: 24 Ko\r\n<\/dd>\r\n<\/dl><p><\/p><\/div><\/p>\n<p><\/p>","protected":false},"excerpt":{"rendered":"<p>Description Comme dans la version pr\u00e9c\u00e9dente, ce montage permet d&rsquo;afficher certains param\u00e8tres contenus dans des trames issues d&rsquo;un GPS sur un afficheur LCD graphique de taille 122&#215;32 pixels. Comme sur la version 1, les param\u00e8tres qui y sont affich\u00e9s sont les suivants : Reconnaissance des trames RMC, GGA et GSA issues des GPS \u00e0 la [&hellip;]<\/p>\n","protected":false},"author":1,"featured_media":0,"parent":677,"menu_order":0,"comment_status":"closed","ping_status":"closed","template":"","meta":{"footnotes":""},"categories":[],"tags":[142,177,133,176,137,178,179,160,180],"class_list":["post-692","page","type-page","status-publish","hentry","tag-affichage-lcd","tag-gps","tag-microcontroleur","tag-nmea","tag-pic","tag-pic18f","tag-pic18f2620","tag-projet-radioamateur","tag-sed1520"],"_links":{"self":[{"href":"https:\/\/www.f4ctz.fr\/index.php?rest_route=\/wp\/v2\/pages\/692","targetHints":{"allow":["GET"]}}],"collection":[{"href":"https:\/\/www.f4ctz.fr\/index.php?rest_route=\/wp\/v2\/pages"}],"about":[{"href":"https:\/\/www.f4ctz.fr\/index.php?rest_route=\/wp\/v2\/types\/page"}],"author":[{"embeddable":true,"href":"https:\/\/www.f4ctz.fr\/index.php?rest_route=\/wp\/v2\/users\/1"}],"replies":[{"embeddable":true,"href":"https:\/\/www.f4ctz.fr\/index.php?rest_route=%2Fwp%2Fv2%2Fcomments&post=692"}],"version-history":[{"count":0,"href":"https:\/\/www.f4ctz.fr\/index.php?rest_route=\/wp\/v2\/pages\/692\/revisions"}],"up":[{"embeddable":true,"href":"https:\/\/www.f4ctz.fr\/index.php?rest_route=\/wp\/v2\/pages\/677"}],"wp:attachment":[{"href":"https:\/\/www.f4ctz.fr\/index.php?rest_route=%2Fwp%2Fv2%2Fmedia&parent=692"}],"wp:term":[{"taxonomy":"category","embeddable":true,"href":"https:\/\/www.f4ctz.fr\/index.php?rest_route=%2Fwp%2Fv2%2Fcategories&post=692"},{"taxonomy":"post_tag","embeddable":true,"href":"https:\/\/www.f4ctz.fr\/index.php?rest_route=%2Fwp%2Fv2%2Ftags&post=692"}],"curies":[{"name":"wp","href":"https:\/\/api.w.org\/{rel}","templated":true}]}}