{"id":838,"date":"2012-12-17T16:50:16","date_gmt":"2012-12-17T16:50:16","guid":{"rendered":"http:\/\/www.f4ctz.fr\/?page_id=838"},"modified":"2013-05-29T14:16:41","modified_gmt":"2013-05-29T14:16:41","slug":"hp438","status":"publish","type":"page","link":"https:\/\/www.f4ctz.fr\/?page_id=838","title":{"rendered":"HP438"},"content":{"rendered":"<p style=\"text-align: justify;\">J&rsquo;ai fait l&rsquo;acquisition d&rsquo;un milliwattm\u00e8tre HP438A en panne, comme \u00e0 mon habitude, pour \u00e9quiper mon labo.<\/p>\n<p style=\"text-align: justify;\">Quand je l&rsquo;ai re\u00e7u, la premi\u00e8re panne constat\u00e9e \u00e9tait le -15V qui \u00e9tait d\u00e9faillant et pr\u00e9sentait une tension alternative d&rsquo;une vingtaine de volt d&rsquo;amplitude. En cause, deux condensateurs qui ont mal vieillis :<\/p>\n<ul style=\"list-style-type: circle;\">\n<li style=\"text-align: justify;\">L&rsquo;un est en parall\u00e8le de CR3 (C1 ou C2) sur la carte A8 (celle avec les composants sur dissipateur).<\/li>\n<li style=\"text-align: justify;\">L&rsquo;autre sert \u00e0 la r\u00e9gulation du -15V : C3 d&rsquo;une valeur de 680\u00b5F sur A10 (le fond de panier de l&rsquo;alimentation).<\/li>\n<\/ul>\n<p style=\"text-align: center;\"><img loading=\"lazy\" decoding=\"async\" class=\"aligncenter  wp-image-854\" alt=\"HP438 alimentation\" src=\"https:\/\/www.f4ctz.fr\/wp-content\/uploads\/IMG_0609_bis-1024x768.jpg\" width=\"798\" height=\"599\" srcset=\"https:\/\/www.f4ctz.fr\/wp-content\/uploads\/IMG_0609_bis-1024x768.jpg 1024w, https:\/\/www.f4ctz.fr\/wp-content\/uploads\/IMG_0609_bis-300x225.jpg 300w, https:\/\/www.f4ctz.fr\/wp-content\/uploads\/IMG_0609_bis.jpg 2048w\" sizes=\"auto, (max-width: 798px) 100vw, 798px\" \/><\/p>\n<p style=\"text-align: justify;\">Malgr\u00e9 cette premi\u00e8re r\u00e9paration, le milliwattm\u00e8tre a chang\u00e9 d&rsquo;\u00e9tat mais \u00e9tait toujours en d\u00e9faut. En effet, il passait des erreurs \u00ab\u00a0No Channel\u00a0\u00bb, \u00ab\u00a02 inputs\u00a0\u00bb, \u00ab\u00a0input OL\u00a0\u00bb, \u00ab\u00a0please 0\u00a0\u00bb en permanence et de mani\u00e8re totalement al\u00e9atoire, avec ou sans sonde. Voici une description vid\u00e9o de cette panne :<\/p>\n<p style=\"text-align: justify;\"><iframe loading=\"lazy\" title=\"HP438a Power Meter failure\" width=\"500\" height=\"375\" src=\"https:\/\/www.youtube.com\/embed\/10H4x740diM?feature=oembed\" frameborder=\"0\" allow=\"accelerometer; autoplay; clipboard-write; encrypted-media; gyroscope; picture-in-picture; web-share\" referrerpolicy=\"strict-origin-when-cross-origin\" allowfullscreen><\/iframe><\/p>\n<p style=\"text-align: justify;\">Au d\u00e9but j&rsquo;ai pens\u00e9 \u00e0 un probl\u00e8me sur l&rsquo;\u00e9tage analogique mais apr\u00e8s plusieurs semaines d&rsquo;investigation, toutes les analyses men\u00e9es sur cette partie en suivant le service manual n&rsquo;ont rien donn\u00e9.<\/p>\n<p style=\"text-align: justify;\">Puis en mettant l&rsquo;appareil en mode calibration A\/D (switch S1 sur 0000), je me suis rendu compte qu&rsquo;il \u00e9tait possible de mettre les switchs analogiques et multiplexeurs internes dans un \u00e9tat o\u00f9 je pouvais tester le bon fonctionnement du convertisseur A\/D. Or, une fois d\u00e9marr\u00e9 dans cet \u00e9tat, l&rsquo;appareil continuait \u00e0 afficher des valeurs incoh\u00e9rentes (0 ou -35125 de mani\u00e8re totalement al\u00e9atoire). Avec l&rsquo;aide de Philippe, F1ETA, nous avons effectu\u00e9 une comparaison des signaux sur l&rsquo;ensemble de la cha\u00eene de conversion A\/D mais tout semblait conforme. La partie analogique du convertisseur semblant correcte, il ne restait \u00ab\u00a0que\u00a0\u00bb la partie logique. D&rsquo;apr\u00e8s le sch\u00e9ma, hormis un porte logique et une bascule JK qui semblait fonctionner correctement, il ne restait que le timer qui sert au comptage du temps de comparaison du convertisseur. Par chance, LittleDiode sur Ebay en avait que j&rsquo;ai donc command\u00e9. Apr\u00e8s \u00e9change, l&rsquo;appareil a repris un fonctionnement normal.<\/p>\n<p style=\"text-align: center;\"><img loading=\"lazy\" decoding=\"async\" class=\"aligncenter  wp-image-855\" alt=\"HP438 Logique\" src=\"https:\/\/www.f4ctz.fr\/wp-content\/uploads\/IMG_0608_bis-1024x768.jpg\" width=\"819\" height=\"614\" srcset=\"https:\/\/www.f4ctz.fr\/wp-content\/uploads\/IMG_0608_bis-1024x768.jpg 1024w, https:\/\/www.f4ctz.fr\/wp-content\/uploads\/IMG_0608_bis-300x225.jpg 300w, https:\/\/www.f4ctz.fr\/wp-content\/uploads\/IMG_0608_bis.jpg 2048w\" sizes=\"auto, (max-width: 819px) 100vw, 819px\" \/><\/p>\n","protected":false},"excerpt":{"rendered":"<p>J&rsquo;ai fait l&rsquo;acquisition d&rsquo;un milliwattm\u00e8tre HP438A en panne, comme \u00e0 mon habitude, pour \u00e9quiper mon labo. Quand je l&rsquo;ai re\u00e7u, la premi\u00e8re panne constat\u00e9e \u00e9tait le -15V qui \u00e9tait d\u00e9faillant et pr\u00e9sentait une tension alternative d&rsquo;une vingtaine de volt d&rsquo;amplitude. En cause, deux condensateurs qui ont mal vieillis : L&rsquo;un est en parall\u00e8le de CR3 [&hellip;]<\/p>\n","protected":false},"author":1,"featured_media":0,"parent":351,"menu_order":0,"comment_status":"closed","ping_status":"closed","template":"","meta":{"footnotes":""},"categories":[],"tags":[224,225,111,226,221,227,228,115,114],"class_list":["post-838","page","type-page","status-publish","hentry","tag-224","tag-438a","tag-hp","tag-hp438a","tag-maintenance","tag-milliwattmetre","tag-power-meter","tag-repair","tag-reparation"],"_links":{"self":[{"href":"https:\/\/www.f4ctz.fr\/index.php?rest_route=\/wp\/v2\/pages\/838","targetHints":{"allow":["GET"]}}],"collection":[{"href":"https:\/\/www.f4ctz.fr\/index.php?rest_route=\/wp\/v2\/pages"}],"about":[{"href":"https:\/\/www.f4ctz.fr\/index.php?rest_route=\/wp\/v2\/types\/page"}],"author":[{"embeddable":true,"href":"https:\/\/www.f4ctz.fr\/index.php?rest_route=\/wp\/v2\/users\/1"}],"replies":[{"embeddable":true,"href":"https:\/\/www.f4ctz.fr\/index.php?rest_route=%2Fwp%2Fv2%2Fcomments&post=838"}],"version-history":[{"count":0,"href":"https:\/\/www.f4ctz.fr\/index.php?rest_route=\/wp\/v2\/pages\/838\/revisions"}],"up":[{"embeddable":true,"href":"https:\/\/www.f4ctz.fr\/index.php?rest_route=\/wp\/v2\/pages\/351"}],"wp:attachment":[{"href":"https:\/\/www.f4ctz.fr\/index.php?rest_route=%2Fwp%2Fv2%2Fmedia&parent=838"}],"wp:term":[{"taxonomy":"category","embeddable":true,"href":"https:\/\/www.f4ctz.fr\/index.php?rest_route=%2Fwp%2Fv2%2Fcategories&post=838"},{"taxonomy":"post_tag","embeddable":true,"href":"https:\/\/www.f4ctz.fr\/index.php?rest_route=%2Fwp%2Fv2%2Ftags&post=838"}],"curies":[{"name":"wp","href":"https:\/\/api.w.org\/{rel}","templated":true}]}}