{"id":883,"date":"2013-03-05T13:44:59","date_gmt":"2013-03-05T13:44:59","guid":{"rendered":"http:\/\/www.f4ctz.fr\/?page_id=883"},"modified":"2013-03-08T09:35:12","modified_gmt":"2013-03-08T09:35:12","slug":"yaesu-ft-50r","status":"publish","type":"page","link":"https:\/\/www.f4ctz.fr\/?page_id=883","title":{"rendered":"Yaesu FT-50R"},"content":{"rendered":"<h2 style=\"text-align: justify;\">Perte de m\u00e9moire<\/h2>\n<p style=\"text-align: justify;\">C&rsquo;est une panne classique de ce portatif de Yaesu qui n&rsquo;a pas jug\u00e9 bon de mettre une pile rechargeable pour le maintien de la m\u00e9moire. Les sympt\u00f4mes sont simples : difficult\u00e9 pour allumer l&rsquo;appareil, d\u00e9marrage sur une fr\u00e9quence VFO fixe et hors bande (d\u00e9but de la plage de fonctionnement, 50Mhz si d\u00e9brid\u00e9 par exemple).<\/p>\n<p style=\"text-align: justify;\">Le probl\u00e8me est que la pile au lithium, une CR1216 \u00e9quip\u00e9e de contacts, ne se trouve pas dans cet \u00e9tat alors qu&rsquo;on trouve tr\u00e8s facilement la m\u00eame r\u00e9f\u00e9rence nue (sans les contacts). Inutile d&rsquo;essayer de souder un fil directement sur la pile : c&rsquo;est impossible et dangereux.<\/p>\n<p style=\"text-align: justify;\">Une solution tr\u00e8s simple consiste \u00e0 utiliser un peu de kapton et de scotch cuivre AVEC adh\u00e9sif conducteur (attention aux vendeurs Ebay qui annonce un adh\u00e9sif conducteur qui ne l&rsquo;est en fait pas). La r\u00e9f\u00e9rence s\u00fbre vient de 3M et il s&rsquo;agit du 1181 disponible chez Farnell, RS, etc.<\/p>\n<p style=\"text-align: justify;\">Voil\u00e0 une photo de la nouvelle pile pr\u00eate \u00e0 \u00eatre install\u00e9e :<\/p>\n<p style=\"text-align: center;\"><img loading=\"lazy\" decoding=\"async\" class=\"aligncenter  wp-image-886\" alt=\"IMG_0645\" src=\"https:\/\/www.f4ctz.fr\/wp-content\/uploads\/IMG_0645-1024x768.jpg\" width=\"614\" height=\"461\" srcset=\"https:\/\/www.f4ctz.fr\/wp-content\/uploads\/IMG_0645-1024x768.jpg 1024w, https:\/\/www.f4ctz.fr\/wp-content\/uploads\/IMG_0645-300x225.jpg 300w, https:\/\/www.f4ctz.fr\/wp-content\/uploads\/IMG_0645.jpg 2048w\" sizes=\"auto, (max-width: 614px) 100vw, 614px\" \/><\/p>\n<p style=\"text-align: justify;\">J&rsquo;ai ensuite ajout\u00e9 un peu de kapton pour \u00eatre certain de ne pas faire de court-circuit. Voil\u00e0 le r\u00e9sultat apr\u00e8s installation (le moins est le plot le plus \u00e0 droite, le plus proche de la vis) :<\/p>\n<p style=\"text-align: center;\"><img loading=\"lazy\" decoding=\"async\" class=\"aligncenter  wp-image-884\" alt=\"IMG_0646\" src=\"https:\/\/www.f4ctz.fr\/wp-content\/uploads\/IMG_0646-1024x768.jpg\" width=\"614\" height=\"461\" srcset=\"https:\/\/www.f4ctz.fr\/wp-content\/uploads\/IMG_0646-1024x768.jpg 1024w, https:\/\/www.f4ctz.fr\/wp-content\/uploads\/IMG_0646-300x225.jpg 300w, https:\/\/www.f4ctz.fr\/wp-content\/uploads\/IMG_0646.jpg 2048w\" sizes=\"auto, (max-width: 614px) 100vw, 614px\" \/><\/p>\n","protected":false},"excerpt":{"rendered":"<p>Perte de m\u00e9moire C&rsquo;est une panne classique de ce portatif de Yaesu qui n&rsquo;a pas jug\u00e9 bon de mettre une pile rechargeable pour le maintien de la m\u00e9moire. Les sympt\u00f4mes sont simples : difficult\u00e9 pour allumer l&rsquo;appareil, d\u00e9marrage sur une fr\u00e9quence VFO fixe et hors bande (d\u00e9but de la plage de fonctionnement, 50Mhz si d\u00e9brid\u00e9 [&hellip;]<\/p>\n","protected":false},"author":1,"featured_media":0,"parent":354,"menu_order":0,"comment_status":"closed","ping_status":"closed","template":"","meta":{"footnotes":""},"categories":[],"tags":[283,284,126],"class_list":["post-883","page","type-page","status-publish","hentry","tag-memoire","tag-memory","tag-yaesu"],"_links":{"self":[{"href":"https:\/\/www.f4ctz.fr\/index.php?rest_route=\/wp\/v2\/pages\/883","targetHints":{"allow":["GET"]}}],"collection":[{"href":"https:\/\/www.f4ctz.fr\/index.php?rest_route=\/wp\/v2\/pages"}],"about":[{"href":"https:\/\/www.f4ctz.fr\/index.php?rest_route=\/wp\/v2\/types\/page"}],"author":[{"embeddable":true,"href":"https:\/\/www.f4ctz.fr\/index.php?rest_route=\/wp\/v2\/users\/1"}],"replies":[{"embeddable":true,"href":"https:\/\/www.f4ctz.fr\/index.php?rest_route=%2Fwp%2Fv2%2Fcomments&post=883"}],"version-history":[{"count":0,"href":"https:\/\/www.f4ctz.fr\/index.php?rest_route=\/wp\/v2\/pages\/883\/revisions"}],"up":[{"embeddable":true,"href":"https:\/\/www.f4ctz.fr\/index.php?rest_route=\/wp\/v2\/pages\/354"}],"wp:attachment":[{"href":"https:\/\/www.f4ctz.fr\/index.php?rest_route=%2Fwp%2Fv2%2Fmedia&parent=883"}],"wp:term":[{"taxonomy":"category","embeddable":true,"href":"https:\/\/www.f4ctz.fr\/index.php?rest_route=%2Fwp%2Fv2%2Fcategories&post=883"},{"taxonomy":"post_tag","embeddable":true,"href":"https:\/\/www.f4ctz.fr\/index.php?rest_route=%2Fwp%2Fv2%2Ftags&post=883"}],"curies":[{"name":"wp","href":"https:\/\/api.w.org\/{rel}","templated":true}]}}