{"id":925,"date":"2013-06-02T14:53:16","date_gmt":"2013-06-02T14:30:53","guid":{"rendered":"http:\/\/www.f4ctz.fr\/?page_id=925"},"modified":"2023-11-05T23:57:42","modified_gmt":"2023-11-05T22:57:42","slug":"rohde-schwarz-smx","status":"publish","type":"page","link":"https:\/\/www.f4ctz.fr\/?page_id=925","title":{"rendered":"R&#038;S SMX"},"content":{"rendered":"<p><img loading=\"lazy\" decoding=\"async\" class=\"aligncenter size-full wp-image-978\" src=\"https:\/\/www.f4ctz.fr\/wp-content\/uploads\/RS_SMX.jpg\" alt=\"R&amp;S_SMX\" width=\"800\" height=\"359\" srcset=\"https:\/\/www.f4ctz.fr\/wp-content\/uploads\/RS_SMX.jpg 800w, https:\/\/www.f4ctz.fr\/wp-content\/uploads\/RS_SMX-300x134.jpg 300w\" sizes=\"auto, (max-width: 800px) 100vw, 800px\" \/><\/p>\n<p style=\"text-align: justify;\">Ce g\u00e9n\u00e9rateur de chez Rohde &amp; Schwarz couvre les fr\u00e9quences de 100Khz \u00e0 1GHz. La g\u00e9n\u00e9ration des signaux est faite par trois VCO dont les plages de fonctionnement sont imbriqu\u00e9es les unes dans les autres sur toute la plage de fonctionnement.<\/p>\n<p style=\"text-align: justify;\">C&rsquo;est une astuce comme une autre pour la g\u00e9n\u00e9ration de signaux HF sur une large bande utile mais celle-ci complique un peu la r\u00e9paration d&rsquo;une panne classique sur cet appareil : la perte de verrouillage d&rsquo;une ou plusieurs des PLL pilotant ces trois VCO.<\/p>\n<p style=\"text-align: justify;\">J&rsquo;ai eu \u00e0 refaire le r\u00e9glage de ces VCO deux fois en 5 ans. En effet, les VCO d\u00e9rivent au fil des utilisations jusqu&rsquo;\u00e0 un point o\u00f9 la PLL n&rsquo;arrive plus \u00e0 accrocher. A ce moment-l\u00e0, le g\u00e9n\u00e9rateur signale une erreur de verrouillage et ne sort plus de signal (ou dans certain cas, un signal libre sur une fr\u00e9quence diff\u00e9rente de la consigne).<\/p>\n<p style=\"text-align: justify;\">Afin de r\u00e9gler ce probl\u00e8me, voil\u00e0 comment j&rsquo;ai proc\u00e9d\u00e9 :<\/p>\n<ul>\n<li>D\u00e9monter le capot de l&rsquo;appareil et le retourner pour voir le bloc de la photo ci-dessous :<\/li>\n<\/ul>\n<p style=\"text-align: center;\"><img loading=\"lazy\" decoding=\"async\" class=\"aligncenter wp-image-920\" src=\"https:\/\/www.f4ctz.fr\/wp-content\/uploads\/IMGP2353-1024x768.jpg\" alt=\"SMX_VCO_1\" width=\"614\" height=\"461\" srcset=\"https:\/\/www.f4ctz.fr\/wp-content\/uploads\/IMGP2353-1024x768.jpg 1024w, https:\/\/www.f4ctz.fr\/wp-content\/uploads\/IMGP2353-300x224.jpg 300w\" sizes=\"auto, (max-width: 614px) 100vw, 614px\" \/><\/p>\n<ul>\n<li>Noter la position des trois VCO tel que je l&rsquo;ai fait puis d\u00e9monter le capot de ce bloc.<\/li>\n<\/ul>\n<p style=\"text-align: center;\"><img loading=\"lazy\" decoding=\"async\" class=\"aligncenter wp-image-923\" src=\"https:\/\/www.f4ctz.fr\/wp-content\/uploads\/IMGP2362-1024x768.jpg\" alt=\"SMX_VCO_2\" width=\"614\" height=\"461\" srcset=\"https:\/\/www.f4ctz.fr\/wp-content\/uploads\/IMGP2362-1024x768.jpg 1024w, https:\/\/www.f4ctz.fr\/wp-content\/uploads\/IMGP2362-300x224.jpg 300w\" sizes=\"auto, (max-width: 614px) 100vw, 614px\" \/><\/p>\n<ul>\n<li style=\"text-align: justify;\">R\u00e9gler le g\u00e9n\u00e9rateur sur la fr\u00e9quence 25,01MHz puis r\u00e9gler la capacit\u00e9 piston du VCO1 pour mesurer sur le point entour\u00e9 du VCO1 sur l&rsquo;image une tension au environ de 3V.<\/li>\n<\/ul>\n<ul style=\"text-align: justify;\">\n<li>Puis r\u00e9gler le g\u00e9n\u00e9rateur sur 40,94MHz et contr\u00f4ler que la tension au point de mesure est bien \u00e0 environ 18V.<\/li>\n<\/ul>\n<ul style=\"text-align: justify;\">\n<li>Proc\u00e9der de m\u00eame pour le r\u00e9glage du VCO2 en utilisation 40,95MHz pour la fr\u00e9quence minimum et 51,56MHz pour la fr\u00e9quence maximum de consigne du g\u00e9n\u00e9rateur.<\/li>\n<\/ul>\n<ul style=\"text-align: justify;\">\n<li>Proc\u00e9der de m\u00eame pour le r\u00e9glage du VCO3 en utilisation 51,57MHz pour la fr\u00e9quence minimum et 62MHz pour la fr\u00e9quence maximum de consigne du g\u00e9n\u00e9rateur.<\/li>\n<\/ul>\n<p style=\"text-align: justify;\">En proc\u00e9dant ainsi, on r\u00e9cup\u00e8re pour quelques ann\u00e9es de fonctionnement une g\u00e9n\u00e9ration de signaux sur toute la gamme d&rsquo;utilisation du SMX.<\/p>\n<p><\/p>","protected":false},"excerpt":{"rendered":"<p>Ce g\u00e9n\u00e9rateur de chez Rohde &amp; Schwarz couvre les fr\u00e9quences de 100Khz \u00e0 1GHz. La g\u00e9n\u00e9ration des signaux est faite par trois VCO dont les plages de fonctionnement sont imbriqu\u00e9es les unes dans les autres sur toute la plage de fonctionnement. C&rsquo;est une astuce comme une autre pour la g\u00e9n\u00e9ration de signaux HF sur une [&hellip;]<\/p>\n","protected":false},"author":1,"featured_media":0,"parent":351,"menu_order":0,"comment_status":"closed","ping_status":"closed","template":"","meta":{"footnotes":""},"categories":[],"tags":[218,221,220,115,216,215,217,219],"class_list":["post-925","page","type-page","status-publish","hentry","tag-generator","tag-maintenance","tag-rs","tag-repair","tag-rohde","tag-rohde-schwarz","tag-schwarz","tag-smx"],"_links":{"self":[{"href":"https:\/\/www.f4ctz.fr\/index.php?rest_route=\/wp\/v2\/pages\/925","targetHints":{"allow":["GET"]}}],"collection":[{"href":"https:\/\/www.f4ctz.fr\/index.php?rest_route=\/wp\/v2\/pages"}],"about":[{"href":"https:\/\/www.f4ctz.fr\/index.php?rest_route=\/wp\/v2\/types\/page"}],"author":[{"embeddable":true,"href":"https:\/\/www.f4ctz.fr\/index.php?rest_route=\/wp\/v2\/users\/1"}],"replies":[{"embeddable":true,"href":"https:\/\/www.f4ctz.fr\/index.php?rest_route=%2Fwp%2Fv2%2Fcomments&post=925"}],"version-history":[{"count":1,"href":"https:\/\/www.f4ctz.fr\/index.php?rest_route=\/wp\/v2\/pages\/925\/revisions"}],"predecessor-version":[{"id":1585,"href":"https:\/\/www.f4ctz.fr\/index.php?rest_route=\/wp\/v2\/pages\/925\/revisions\/1585"}],"up":[{"embeddable":true,"href":"https:\/\/www.f4ctz.fr\/index.php?rest_route=\/wp\/v2\/pages\/351"}],"wp:attachment":[{"href":"https:\/\/www.f4ctz.fr\/index.php?rest_route=%2Fwp%2Fv2%2Fmedia&parent=925"}],"wp:term":[{"taxonomy":"category","embeddable":true,"href":"https:\/\/www.f4ctz.fr\/index.php?rest_route=%2Fwp%2Fv2%2Fcategories&post=925"},{"taxonomy":"post_tag","embeddable":true,"href":"https:\/\/www.f4ctz.fr\/index.php?rest_route=%2Fwp%2Fv2%2Ftags&post=925"}],"curies":[{"name":"wp","href":"https:\/\/api.w.org\/{rel}","templated":true}]}}